{"id":36116,"date":"2024-09-18T13:55:07","date_gmt":"2024-09-18T11:55:07","guid":{"rendered":"https:\/\/ascale.es\/new-web\/rsc\/"},"modified":"2025-07-08T10:13:07","modified_gmt":"2025-07-08T08:13:07","slug":"rse","status":"publish","type":"page","link":"https:\/\/dev0426.ascale.es\/fr\/rse\/","title":{"rendered":"RSE"},"content":{"rendered":"\t\t<div data-elementor-type=\"wp-page\" data-elementor-id=\"36116\" class=\"elementor elementor-36116 elementor-28643\" data-elementor-post-type=\"page\">\n\t\t\t\t<div class=\"elementor-element elementor-element-51b259e e-flex e-con-boxed e-con e-parent\" data-id=\"51b259e\" data-element_type=\"container\" data-e-type=\"container\" data-settings=\"{&quot;background_background&quot;:&quot;classic&quot;,&quot;jet_parallax_layout_list&quot;:[]}\">\n\t\t\t\t\t<div class=\"e-con-inner\">\n\t\t\t\t\t<\/div>\n\t\t\t\t<\/div>\n\t\t<div class=\"elementor-element elementor-element-c09ca4b page-section-first e-flex e-con-boxed e-con e-parent\" data-id=\"c09ca4b\" data-element_type=\"container\" data-e-type=\"container\" data-settings=\"{&quot;jet_parallax_layout_list&quot;:[],&quot;background_background&quot;:&quot;classic&quot;}\">\n\t\t\t\t\t<div class=\"e-con-inner\">\n\t\t<div class=\"elementor-element elementor-element-eed9e37 e-con-full e-flex e-con e-child\" data-id=\"eed9e37\" data-element_type=\"container\" data-e-type=\"container\" data-settings=\"{&quot;jet_parallax_layout_list&quot;:[]}\">\n\t\t\t\t<div class=\"elementor-element elementor-element-f786776 elementor-widget elementor-widget-image\" data-id=\"f786776\" data-element_type=\"widget\" data-e-type=\"widget\" data-widget_type=\"image.default\">\n\t\t\t\t<div class=\"elementor-widget-container\">\n\t\t\t\t\t\t\t\t\t\t\t\t\t\t\t<img fetchpriority=\"high\" decoding=\"async\" width=\"800\" height=\"533\" src=\"https:\/\/dev0426.ascale.es\/wp-content\/uploads\/2025\/07\/VillarrealCF-RealMadridCF-361.webp\" class=\"attachment-large size-large wp-image-63176\" alt=\"\" srcset=\"https:\/\/dev0426.ascale.es\/wp-content\/uploads\/2025\/07\/VillarrealCF-RealMadridCF-361.webp 2835w, https:\/\/dev0426.ascale.es\/wp-content\/uploads\/2025\/07\/VillarrealCF-RealMadridCF-361-300x200.webp 300w, https:\/\/dev0426.ascale.es\/wp-content\/uploads\/2025\/07\/VillarrealCF-RealMadridCF-361-768x512.webp 768w, https:\/\/dev0426.ascale.es\/wp-content\/uploads\/2025\/07\/VillarrealCF-RealMadridCF-361-1536x1024.webp 1536w, https:\/\/dev0426.ascale.es\/wp-content\/uploads\/2025\/07\/VillarrealCF-RealMadridCF-361-2048x1365.webp 2048w\" sizes=\"(max-width: 800px) 100vw, 800px\" \/>\t\t\t\t\t\t\t\t\t\t\t\t\t\t\t<\/div>\n\t\t\t\t<\/div>\n\t\t\t\t<\/div>\n\t\t<div class=\"elementor-element elementor-element-ef0501b e-con-full grupo-texto e-flex e-con e-child\" data-id=\"ef0501b\" data-element_type=\"container\" data-e-type=\"container\" data-settings=\"{&quot;jet_parallax_layout_list&quot;:[]}\">\n\t\t\t\t<div class=\"elementor-element elementor-element-9f37b8c elementor-widget elementor-widget-image\" data-id=\"9f37b8c\" data-element_type=\"widget\" data-e-type=\"widget\" data-widget_type=\"image.default\">\n\t\t\t\t<div class=\"elementor-widget-container\">\n\t\t\t\t\t\t\t\t\t\t\t\t\t\t\t<img decoding=\"async\" width=\"250\" height=\"250\" src=\"https:\/\/dev0426.ascale.es\/wp-content\/uploads\/2025\/04\/Sin-titulo-250-x-250-px.png\" class=\"attachment-large size-large wp-image-50489\" alt=\"\" srcset=\"https:\/\/dev0426.ascale.es\/wp-content\/uploads\/2025\/04\/Sin-titulo-250-x-250-px.png 250w, https:\/\/dev0426.ascale.es\/wp-content\/uploads\/2025\/04\/Sin-titulo-250-x-250-px-150x150.png 150w\" sizes=\"(max-width: 250px) 100vw, 250px\" \/>\t\t\t\t\t\t\t\t\t\t\t\t\t\t\t<\/div>\n\t\t\t\t<\/div>\n\t\t\t\t<div class=\"elementor-element elementor-element-a79bd1e elementor-widget elementor-widget-heading\" data-id=\"a79bd1e\" data-element_type=\"widget\" data-e-type=\"widget\" data-widget_type=\"heading.default\">\n\t\t\t\t<div class=\"elementor-widget-container\">\n\t\t\t\t\t<span class=\"elementor-heading-title elementor-size-default\">NOUS SOMMES LE VILLARREAL<\/span>\t\t\t\t<\/div>\n\t\t\t\t<\/div>\n\t\t\t\t<div class=\"elementor-element elementor-element-dbcfe58 elementor-widget elementor-widget-text-editor\" data-id=\"dbcfe58\" data-element_type=\"widget\" data-e-type=\"widget\" data-widget_type=\"text-editor.default\">\n\t\t\t\t<div class=\"elementor-widget-container\">\n\t\t\t\t\t\t\t\t\t<p>Ascale est fi\u00e8re de son partenariat avec le Villarreal CF. Ce partenariat consacre nos valeurs communes, \u00e0 savoir la rigueur et l\u2019excellence, qui sont au c\u0153ur de notre travail et de la passion du club.<\/p><p>Forts de notre engagement, nous envisageons l\u2019avenir avec optimisme, persuad\u00e9s que cette union sera source de progr\u00e8s et de fiert\u00e9 dans chacune des \u00e9tapes que nous franchirons ensemble.<\/p>\t\t\t\t\t\t\t\t<\/div>\n\t\t\t\t<\/div>\n\t\t\t\t<\/div>\n\t\t\t\t\t<\/div>\n\t\t\t\t<\/div>\n\t\t<div class=\"elementor-element elementor-element-229cbfd page-section e-flex e-con-boxed e-con e-parent\" data-id=\"229cbfd\" data-element_type=\"container\" data-e-type=\"container\" data-settings=\"{&quot;jet_parallax_layout_list&quot;:[],&quot;background_background&quot;:&quot;classic&quot;}\">\n\t\t\t\t\t<div class=\"e-con-inner\">\n\t\t<div class=\"elementor-element elementor-element-4123ae1 e-con-full grupo-texto e-flex e-con e-child\" data-id=\"4123ae1\" data-element_type=\"container\" data-e-type=\"container\" data-settings=\"{&quot;jet_parallax_layout_list&quot;:[]}\">\n\t\t\t\t<div class=\"elementor-element elementor-element-2a7b961 elementor-widget elementor-widget-text-editor\" data-id=\"2a7b961\" data-element_type=\"widget\" data-e-type=\"widget\" data-widget_type=\"text-editor.default\">\n\t\t\t\t<div class=\"elementor-widget-container\">\n\t\t\t\t\t\t\t\t\t<p>Ascale est \u00e9galement partenaire officiel de l\u2019\u00e9quipe <strong>Aspar Team<\/strong> et de <strong>Pamesa Voleibol Teruel<\/strong>. Nous partageons le m\u00eame engagement en faveur de l\u2019excellence et de l\u2019effort, et cherchons \u00e0 inspirer et \u00e0 progresser dans chaque discipline.<\/p><p>Ces partenariats t\u00e9moignent de notre attachement au progr\u00e8s et rendent hommage \u00e0 l\u2019esprit de d\u00e9passement de soi qui caract\u00e9rise le sport.<\/p>\t\t\t\t\t\t\t\t<\/div>\n\t\t\t\t<\/div>\n\t\t\t\t<\/div>\n\t\t<div class=\"elementor-element elementor-element-9274d3b e-con-full grupo-texto e-grid e-con e-child\" data-id=\"9274d3b\" data-element_type=\"container\" data-e-type=\"container\" data-settings=\"{&quot;jet_parallax_layout_list&quot;:[]}\">\n\t\t\t\t<div class=\"elementor-element elementor-element-a703a46 elementor-widget elementor-widget-image\" data-id=\"a703a46\" data-element_type=\"widget\" data-e-type=\"widget\" data-widget_type=\"image.default\">\n\t\t\t\t<div class=\"elementor-widget-container\">\n\t\t\t\t\t\t\t\t\t\t\t\t\t\t\t<img decoding=\"async\" width=\"283\" height=\"121\" src=\"https:\/\/dev0426.ascale.es\/wp-content\/uploads\/2024\/09\/logo-negro.png\" class=\"attachment-large size-large wp-image-29534\" alt=\"\" \/>\t\t\t\t\t\t\t\t\t\t\t\t\t\t\t<\/div>\n\t\t\t\t<\/div>\n\t\t\t\t<div class=\"elementor-element elementor-element-38b1068 elementor-widget elementor-widget-image\" data-id=\"38b1068\" data-element_type=\"widget\" data-e-type=\"widget\" data-widget_type=\"image.default\">\n\t\t\t\t<div class=\"elementor-widget-container\">\n\t\t\t\t\t\t\t\t\t\t\t\t\t\t\t<img loading=\"lazy\" decoding=\"async\" width=\"272\" height=\"165\" src=\"https:\/\/dev0426.ascale.es\/wp-content\/uploads\/2025\/04\/Diseno-sin-titulo-3.png\" class=\"attachment-large size-large wp-image-50499\" alt=\"\" \/>\t\t\t\t\t\t\t\t\t\t\t\t\t\t\t<\/div>\n\t\t\t\t<\/div>\n\t\t\t\t<\/div>\n\t\t\t\t\t<\/div>\n\t\t\t\t<\/div>\n\t\t<div class=\"elementor-element elementor-element-d8bc147 page-section e-flex e-con-boxed e-con e-parent\" data-id=\"d8bc147\" data-element_type=\"container\" data-e-type=\"container\" data-settings=\"{&quot;jet_parallax_layout_list&quot;:[],&quot;background_background&quot;:&quot;classic&quot;}\">\n\t\t\t\t\t<div class=\"e-con-inner\">\n\t\t<div class=\"elementor-element elementor-element-79bd951 e-con-full grupo-texto e-flex e-con e-child\" data-id=\"79bd951\" data-element_type=\"container\" data-e-type=\"container\" data-settings=\"{&quot;jet_parallax_layout_list&quot;:[]}\">\n\t\t\t\t<div class=\"elementor-element elementor-element-a1a48c0 elementor-widget elementor-widget-heading\" data-id=\"a1a48c0\" data-element_type=\"widget\" data-e-type=\"widget\" data-widget_type=\"heading.default\">\n\t\t\t\t<div class=\"elementor-widget-container\">\n\t\t\t\t\t<span class=\"elementor-heading-title elementor-size-default\">Usine \u00e0 r\u00eaves<\/span>\t\t\t\t<\/div>\n\t\t\t\t<\/div>\n\t\t\t\t<div class=\"elementor-element elementor-element-a99206e elementor-widget elementor-widget-text-editor\" data-id=\"a99206e\" data-element_type=\"widget\" data-e-type=\"widget\" data-widget_type=\"text-editor.default\">\n\t\t\t\t<div class=\"elementor-widget-container\">\n\t\t\t\t\t\t\t\t\t<p>Le Groupe Pamesa \u0153uvre en faveur de l\u2019insertion sociale par des actions sp\u00e9cifiques, telles que notre usine \u00e0 r\u00eaves. En effet, les personnes en situation de handicap jouent un r\u00f4le cl\u00e9 dans la cr\u00e9ation de nos filets et de nos trencadis. Chacune des pi\u00e8ces t\u00e9moigne de leur talent et de leur d\u00e9vouement, faisant des diff\u00e9rences un atout pour la cr\u00e9ativit\u00e9 et le travail artistique.<\/p><p>Nous sommes particuli\u00e8rement fiers de la mani\u00e8re dont la collaboration et les efforts conjoints enrichissent notre travail et nous permettent d\u2019avancer vers un avenir plus inclusif.<\/p>\t\t\t\t\t\t\t\t<\/div>\n\t\t\t\t<\/div>\n\t\t\t\t<\/div>\n\t\t<div class=\"elementor-element elementor-element-715094f e-con-full grupo-texto e-flex e-con e-child\" data-id=\"715094f\" data-element_type=\"container\" data-e-type=\"container\" data-settings=\"{&quot;jet_parallax_layout_list&quot;:[]}\">\n\t\t\t\t<div class=\"elementor-element elementor-element-c0881e3 elementor-widget elementor-widget-video\" data-id=\"c0881e3\" data-element_type=\"widget\" data-e-type=\"widget\" data-settings=\"{&quot;video_type&quot;:&quot;hosted&quot;,&quot;autoplay&quot;:&quot;yes&quot;,&quot;mute&quot;:&quot;yes&quot;,&quot;controls&quot;:&quot;yes&quot;}\" data-widget_type=\"video.default\">\n\t\t\t\t<div class=\"elementor-widget-container\">\n\t\t\t\t\t\t\t<div class=\"e-hosted-video elementor-wrapper elementor-open-inline\">\n\t\t\t\t\t<video class=\"elementor-video\" src=\"https:\/\/dev0426.dev0426.dev0426.ascale.es\/wp-content\/uploads\/2024\/09\/grupo_pamesa_-_fabrica_de_suenos-1080p.mp4\" autoplay=\"\" controls=\"\" muted=\"muted\" controlsList=\"nodownload\"><\/video>\n\t\t\t\t<\/div>\n\t\t\t\t\t\t<\/div>\n\t\t\t\t<\/div>\n\t\t\t\t<\/div>\n\t\t\t\t\t<\/div>\n\t\t\t\t<\/div>\n\t\t\t\t<\/div>\n\t\t","protected":false},"excerpt":{"rendered":"<p>NOUS SOMMES LE VILLARREAL Ascale est fi\u00e8re de son partenariat avec le Villarreal CF. Ce partenariat consacre nos valeurs communes, \u00e0 savoir la rigueur et l\u2019excellence, qui sont au c\u0153ur de notre travail et de la passion du club. Forts de notre engagement, nous envisageons l\u2019avenir avec optimisme, persuad\u00e9s que cette union sera source de [&hellip;]<\/p>\n","protected":false},"author":1,"featured_media":0,"parent":0,"menu_order":0,"comment_status":"closed","ping_status":"closed","template":"elementor_header_footer","meta":{"_monsterinsights_skip_tracking":false,"_monsterinsights_sitenote_active":false,"_monsterinsights_sitenote_note":"","_monsterinsights_sitenote_category":0,"footnotes":""},"class_list":["post-36116","page","type-page","status-publish","hentry"],"aioseo_notices":[],"_links":{"self":[{"href":"https:\/\/dev0426.ascale.es\/fr\/wp-json\/wp\/v2\/pages\/36116","targetHints":{"allow":["GET"]}}],"collection":[{"href":"https:\/\/dev0426.ascale.es\/fr\/wp-json\/wp\/v2\/pages"}],"about":[{"href":"https:\/\/dev0426.ascale.es\/fr\/wp-json\/wp\/v2\/types\/page"}],"author":[{"embeddable":true,"href":"https:\/\/dev0426.ascale.es\/fr\/wp-json\/wp\/v2\/users\/1"}],"replies":[{"embeddable":true,"href":"https:\/\/dev0426.ascale.es\/fr\/wp-json\/wp\/v2\/comments?post=36116"}],"version-history":[{"count":16,"href":"https:\/\/dev0426.ascale.es\/fr\/wp-json\/wp\/v2\/pages\/36116\/revisions"}],"predecessor-version":[{"id":63191,"href":"https:\/\/dev0426.ascale.es\/fr\/wp-json\/wp\/v2\/pages\/36116\/revisions\/63191"}],"wp:attachment":[{"href":"https:\/\/dev0426.ascale.es\/fr\/wp-json\/wp\/v2\/media?parent=36116"}],"curies":[{"name":"wp","href":"https:\/\/api.w.org\/{rel}","templated":true}]}}