{"id":36162,"date":"2024-08-30T01:54:15","date_gmt":"2024-08-29T23:54:15","guid":{"rendered":"https:\/\/ascale.es\/new-web\/aviso-legal\/"},"modified":"2025-09-19T11:40:11","modified_gmt":"2025-09-19T09:40:11","slug":"mentions-legales","status":"publish","type":"page","link":"https:\/\/dev0426.ascale.es\/fr\/mentions-legales\/","title":{"rendered":"Mentions l\u00e9gales"},"content":{"rendered":"\t\t<div data-elementor-type=\"wp-page\" data-elementor-id=\"36162\" class=\"elementor elementor-36162 elementor-26392\" data-elementor-post-type=\"page\">\n\t\t\t\t<div class=\"elementor-element elementor-element-7336528b e-flex e-con-boxed e-con e-parent\" data-id=\"7336528b\" data-element_type=\"container\" data-e-type=\"container\" data-settings=\"{&quot;jet_parallax_layout_list&quot;:[]}\">\n\t\t\t\t\t<div class=\"e-con-inner\">\n\t\t\t\t<div class=\"elementor-element elementor-element-52eba48 elementor-widget elementor-widget-heading\" data-id=\"52eba48\" data-element_type=\"widget\" data-e-type=\"widget\" data-widget_type=\"heading.default\">\n\t\t\t\t<div class=\"elementor-widget-container\">\n\t\t\t\t\t<h2 class=\"elementor-heading-title elementor-size-default\">Mentions l\u00e9gales\n<\/h2>\t\t\t\t<\/div>\n\t\t\t\t<\/div>\n\t\t\t\t<div class=\"elementor-element elementor-element-144deca0 elementor-widget elementor-widget-text-editor\" data-id=\"144deca0\" data-element_type=\"widget\" data-e-type=\"widget\" data-widget_type=\"text-editor.default\">\n\t\t\t\t<div class=\"elementor-widget-container\">\n\t\t\t\t\t\t\t\t\t<h5>1. INFORMATIONS L\u00c9GALES<\/h5><p>Conform\u00e9ment au devoir d&rsquo;information \u00e9tabli \u00e0 l&rsquo;Article 10 de la Loi 34\/2002 sur les Services de la Soci\u00e9t\u00e9 de l&rsquo;Information et le Commerce \u00c9lectronique, nous vous informons que le titulaire du site web <a href=\"https:\/\/dev0426.dev0426.dev0426.ascale.es\/\">https:\/\/dev0426.dev0426.dev0426.ascale.es<\/a> (ci-apr\u00e8s, le \u00ab Site Web \u00bb) est <strong>ASCALE ELITE S.L.U.<\/strong><\/p><p>L&rsquo;identification et les coordonn\u00e9es du titulaire du site web sont les suivantes :<\/p><ul><li>Nom de l&rsquo;entreprise : <strong>ASCALE ELITE S.L.U.<\/strong><\/li><li>NIF : <strong>B56480981<\/strong><\/li><li>Adresse : <strong>Castell\u00f3n 117 (Partida Foyes Ferraes 5D), 12110 Alcora, Castell\u00f3n, Espagne<\/strong><\/li><li>Informations du Registre du Commerce :<\/li><li>Email : <strong><a href=\"mailto:info@dev0426.dev0426.ascale.es\">info@dev0426.dev0426.ascale.es<\/a><\/strong><\/li><li>T\u00e9l\u00e9phone de contact : <a href=\"tel:+34964777700\"><strong>+34 964 77 77 00<\/strong><\/a><\/li><\/ul><h5>2. OBJECTIF ET CHAMP D\u2019APPLICATION<\/h5><p><strong>2.1.<\/strong> Cette Mention L\u00e9gale \u00e9tablit les conditions g\u00e9n\u00e9rales d&rsquo;utilisation qui r\u00e9gissent l&rsquo;acc\u00e8s, la navigation et l&rsquo;utilisation du Site Web, ainsi que les responsabilit\u00e9s d\u00e9coulant de l&rsquo;utilisation de ses contenus.<\/p><p>De plus, la fourniture de certains services ou activit\u00e9s dans le cadre du Site Web peut \u00eatre soumise \u00e0 des conditions sp\u00e9cifiques qui peuvent remplacer, compl\u00e9ter et\/ou modifier ces conditions g\u00e9n\u00e9rales d&rsquo;utilisation.<\/p><p><strong>2.2.<\/strong> Ce Site Web est un service mis \u00e0 disposition par ASCALE ELITE S.L.U. pour les utilisateurs d&rsquo;Internet \u00e0 des fins d&rsquo;information, avec l&rsquo;objectif principal d&rsquo;\u00e9tablir un contact avec les utilisateurs int\u00e9ress\u00e9s par l&rsquo;activit\u00e9 d&rsquo;ASCALE ELITE.<\/p><p>Le Site Web n&rsquo;offre pas de ventes en ligne de ses produits ; il fournit uniquement des informations sur le processus d&rsquo;achat pouvant \u00eatre r\u00e9alis\u00e9 dans ses installations.<\/p><p><strong>2.3.<\/strong> L&rsquo;acc\u00e8s et l&rsquo;utilisation de ce Site Web conf\u00e8rent au visiteur la qualit\u00e9 de <strong>UTILISATEUR<\/strong> et impliquent l&rsquo;acceptation pleine et enti\u00e8re, d\u00e8s cet acc\u00e8s et\/ou utilisation, de toutes et chacune des conditions d&rsquo;utilisation incluses dans cette Mention L\u00e9gale, dans la version publi\u00e9e au moment de l&rsquo;acc\u00e8s.<\/p><p>\u00c0 ces fins, <strong>UTILISATEUR<\/strong> d\u00e9signe toute personne qui acc\u00e8de, navigue, utilise ou participe aux services et activit\u00e9s d\u00e9velopp\u00e9s sur le Site Web.<\/p><p><strong>2.4.<\/strong> L&rsquo;UTILISATEUR s&rsquo;engage \u00e0 faire un usage appropri\u00e9 du Site Web conform\u00e9ment \u00e0 la l\u00e9gislation applicable, \u00e0 la bonne foi, \u00e0 l&rsquo;ordre public, aux pratiques habituelles et \u00e0 cette Mention L\u00e9gale, \u00e9tant responsable envers ASCALE ELITE S.L.U. et les tiers des dommages pouvant r\u00e9sulter du non-respect de cette obligation.<\/p><h5>3. ACC\u00c8S ET UTILISATION DU SITE WEB<\/h5><p><strong>3.1.<\/strong> L&rsquo;acc\u00e8s \u00e0 ce Site Web est libre et gratuit, sauf pour le co\u00fbt de la connexion au r\u00e9seau de t\u00e9l\u00e9communications fourni par l&rsquo;op\u00e9rateur engag\u00e9 par l&rsquo;UTILISATEUR.<\/p><p><strong>3.2.<\/strong> L&rsquo;UTILISATEUR assume la responsabilit\u00e9 de l&rsquo;utilisation du Site Web et s&rsquo;engage \u00e0 utiliser les contenus de mani\u00e8re diligente et conforme \u00e0 la loi.<\/p><p>En particulier, l&rsquo;UTILISATEUR s&rsquo;engage \u00e0 ne pas :<\/p><ul><li>Utiliser de fausses identit\u00e9s ou usurper d&rsquo;autres utilisateurs lors de l&rsquo;utilisation du Site Web ou de ses services.<\/li><li>Introduire des virus informatiques ou r\u00e9aliser des actions pouvant alt\u00e9rer, endommager, interrompre ou g\u00e9n\u00e9rer des erreurs dans des documents \u00e9lectroniques, des donn\u00e9es ou des syst\u00e8mes physiques et logiques d&rsquo;ASCALE ELITE S.L.U. ou de tiers, ainsi qu&rsquo;entraver l&rsquo;acc\u00e8s d&rsquo;autres utilisateurs par la consommation massive des ressources informatiques \u00e0 travers lesquelles ASCALE ELITE S.L.U. fournit ses services.<\/li><li>Tenter d&rsquo;acc\u00e9der et, le cas \u00e9ch\u00e9ant, d&rsquo;utiliser les comptes de courrier \u00e9lectronique d&rsquo;autres utilisateurs.<\/li><li>Reproduire, copier, distribuer, mettre \u00e0 disposition ou communiquer publiquement de toute autre mani\u00e8re, transformer ou modifier les contenus du Site Web \u00e0 des fins commerciales, sur tout support et par tout moyen technique, sans l&rsquo;autorisation expresse pr\u00e9alable du titulaire des droits.<\/li><li>Introduire ou incorporer, en tant qu&rsquo;activit\u00e9 commerciale ou professionnelle propre, les contenus et\/ou services pr\u00e9sent\u00e9s sur ce Site Web.<\/li><li>Porter atteinte \u00e0 tout droit de propri\u00e9t\u00e9 intellectuelle ou industrielle d\u00e9coulant des contenus du Site Web.<\/li><li>Utiliser les contenus et\/ou informations obtenues via ce Site Web \u00e0 des fins publicitaires ou promotionnelles, pour envoyer de la publicit\u00e9 de tout type et des communications de vente ou autres fins commerciales, ou pour collecter, commercialiser ou divulguer ces informations de quelque mani\u00e8re que ce soit.<\/li><li>Utiliser ce Site Web, ou les contenus et\/ou services obtenus sur celui-ci, pour r\u00e9aliser des activit\u00e9s contraires \u00e0 la loi, \u00e0 la morale, aux bonnes m\u0153urs ou \u00e0 l&rsquo;ordre public, ou \u00e0 des fins ou effets illicites, interdits ou pr\u00e9judiciables qui nuisent aux droits et int\u00e9r\u00eats des tiers.<\/li><\/ul><h5>4. PROTECTION DES DONN\u00c9ES PERSONNELLES<\/h5><p><strong>4.1.<\/strong> ASCALE ELITE S.L.U. s&rsquo;engage \u00e0 traiter les donn\u00e9es personnelles de mani\u00e8re \u00e0 respecter les droits de leurs titulaires, et conform\u00e9ment \u00e0 la r\u00e9glementation de protection des donn\u00e9es en vigueur \u00e0 tout moment.<\/p><p><strong>4.2.<\/strong> Dans la section \u00ab Politique de Confidentialit\u00e9 \u00bb (<a href=\"https:\/\/dev0426.dev0426.dev0426.ascale.es\/politica-de-privacidad\/\">https:\/\/dev0426.dev0426.dev0426.ascale.es\/politica-de-privacidad\/<br \/><\/a>) du Site Web, les UTILISATEURS disposent en permanence des informations l\u00e9gales ou de la politique de confidentialit\u00e9 correspondant aux diverses activit\u00e9s de traitement de donn\u00e9es effectu\u00e9es par ASCALE ELITE S.L.U.<\/p><p><strong>4.3.<\/strong> Dans le cas o\u00f9 l&rsquo;UTILISATEUR remplirait volontairement l&rsquo;un des formulaires de collecte de donn\u00e9es disponibles sur le Site Web pour acc\u00e9der \u00e0 certains services ou contenus, il s&rsquo;engage \u00e0 fournir des informations exactes et v\u00e9ridiques, ainsi qu&rsquo;\u00e0 notifier ASCALE ELITE S.L.U. de toute modification de celles-ci.<\/p><p>Sauf indication expresse contraire, les donn\u00e9es demand\u00e9es dans nos formulaires sont n\u00e9cessaires pour traiter la demande.<\/p><p>Dans tous les cas, le formulaire en ligne correspondant \u00e0 la collecte des donn\u00e9es personnelles de l&rsquo;UTILISATEUR inclura un lien vers l&rsquo;avis de confidentialit\u00e9 applicable au traitement des donn\u00e9es personnelles fournies.<\/p><p>L&rsquo;acceptation expresse de cet avis de confidentialit\u00e9 par l&rsquo;UTILISATEUR sera n\u00e9cessaire pour que le formulaire soit consid\u00e9r\u00e9 comme d\u00fbment rempli et que le processus d&rsquo;envoi soit finalis\u00e9.<\/p><p>Le contenu de cette politique de confidentialit\u00e9 pourra \u00eatre modifi\u00e9 pour l&rsquo;adapter \u00e0 des changements l\u00e9gislatifs, ainsi qu&rsquo;aux crit\u00e8res et positions \u00e9mis par les Autorit\u00e9s de Protection des Donn\u00e9es comp\u00e9tentes.<\/p><p><strong>4.4.<\/strong> Si un UTILISATEUR fournit des donn\u00e9es personnelles de tiers, il est oblig\u00e9 de respecter toutes les obligations d\u00e9coulant de la r\u00e9glementation applicable en mati\u00e8re de protection des donn\u00e9es concernant ces donn\u00e9es, en particulier le devoir d&rsquo;information et d&rsquo;obtention du consentement de la personne concern\u00e9e.<\/p><p><strong>4.5.<\/strong> Il est interdit aux mineurs de moins de 14 ans de fournir des donn\u00e9es personnelles via le Site Web, l&rsquo;autorisation expresse pr\u00e9alable de leurs parents ou tuteurs \u00e9tant n\u00e9cessaire.<\/p><p>Dans tous les cas, ce Site Web n&rsquo;est pas destin\u00e9 aux mineurs.<\/p><h5>5. PROPRI\u00c9T\u00c9 INTELLECTUELLE ET INDUSTRIELLE<\/h5><p><strong>5.1.<\/strong> Tous les \u00e9l\u00e9ments du Site Web (y compris, mais sans s&rsquo;y limiter, les codes sources, bases de donn\u00e9es, design, images, photographies, dessins, graphiques, animations, applications, moteurs de recherche, pages, logos, marques et noms commerciaux) sont la propri\u00e9t\u00e9 d&rsquo;ASCALE ELITE S.L.U. ou lui ont \u00e9t\u00e9 conc\u00e9d\u00e9s sous licence (sauf indication expresse contraire).<\/p><p>Par cons\u00e9quent, les droits d&rsquo;auteur et les droits d&rsquo;exploitation dans toute leur \u00e9tendue et forme sont prot\u00e9g\u00e9s par les lois nationales et internationales de propri\u00e9t\u00e9 intellectuelle et industrielle, dont la violation constitue une activit\u00e9 illicite et p\u00e9nale.<\/p><p><strong>5.2.<\/strong> En aucun cas l&rsquo;acc\u00e8s et la navigation de l&rsquo;UTILISATEUR sur le Site Web ne seront interpr\u00e9t\u00e9s comme une renonciation, un transfert, une licence ou une cession totale ou partielle de ces droits par ASCALE ELITE S.L.U., ni comme conf\u00e9rant \u00e0 l&rsquo;UTILISATEUR un droit d&rsquo;utilisation, traduction, adaptation, modification, exploitation, reproduction, distribution ou communication publique \u00e0 des fins commerciales de ces contenus, sans l&rsquo;autorisation expresse pr\u00e9alable d&rsquo;ASCALE ELITE S.L.U. ou du titulaire des droits.<\/p><p>Le non-respect de ce qui pr\u00e9c\u00e8de donnera le droit \u00e0 ASCALE ELITE S.L.U. ou aux titulaires des droits correspondants d&rsquo;engager les actions l\u00e9gales appropri\u00e9es.<\/p><p><strong>5.3.<\/strong> La distribution, modification, transfert ou communication publique des contenus, ainsi que tout autre acte non express\u00e9ment autoris\u00e9 par le titulaire des droits, est interdite.<\/p><p><strong>5.4.<\/strong> La reproduction (impression et t\u00e9l\u00e9chargement) de fragments du contenu du Site Web n&rsquo;est autoris\u00e9e que lorsqu&rsquo;elle est effectu\u00e9e \u00e0 des fins personnelles ou priv\u00e9es, ou \u00e0 des fins de recherche ou d&rsquo;\u00e9tude.<\/p><h5>6. MARQUES<\/h5><p>Toutes les marques, logos et embl\u00e8mes affich\u00e9s sur ce Site Web sont la propri\u00e9t\u00e9 d&rsquo;ASCALE ELITE S.L.U. ou de tiers.<\/p><p>Il est express\u00e9ment interdit d&rsquo;utiliser, sans consentement pr\u00e9alable, tout \u00e9l\u00e9ment de ce Site Web prot\u00e9g\u00e9 par la l\u00e9gislation applicable sur la propri\u00e9t\u00e9 industrielle.<\/p><p>En particulier, les marques, noms commerciaux, enseignes d&rsquo;\u00e9tablissements, noms, logos, slogans ou tout signe distinctif appartenant au Titulaire ne pourront pas \u00eatre utilis\u00e9s.<\/p><h5>7. EXON\u00c9RATION DE GARANTIES ET RESPONSABILIT\u00c9<\/h5><p><strong>7.1.<\/strong> Le contenu de ce Site Web a des fins informatives et pour \u00e9tablir un canal de communication avec les UTILISATEURS.<\/p><p>ASCALE ELITE S.L.U. ne garantit pas pleinement l&rsquo;acc\u00e8s \u00e0 tous les contenus, ni leur int\u00e9grit\u00e9, exactitude, validit\u00e9 ou actualit\u00e9, ni leur ad\u00e9quation ou utilit\u00e9 pour un objectif sp\u00e9cifique.<\/p><p>ASCALE ELITE S.L.U. exclut, dans la mesure permise par la loi, toute responsabilit\u00e9 pour tout dommage de quelque type que ce soit r\u00e9sultant, entre autres, de : erreurs ou omissions dans les contenus, indisponibilit\u00e9 du Site Web ou transmission de virus ou programmes nuisibles dans les contenus.<\/p><p>Cependant, ASCALE ELITE S.L.U. d\u00e9clare avoir pris toutes les mesures n\u00e9cessaires, dans la limite de ses possibilit\u00e9s et technologies disponibles, pour garantir le fonctionnement du Site Web et \u00e9viter l\u2019existence et la transmission de virus et autres composants nuisibles aux UTILISATEURS.<\/p><p><strong>7.2.<\/strong> ASCALE ELITE S.L.U. n&rsquo;est pas responsable de l&rsquo;utilisation que l&rsquo;UTILISATEUR fait des services et contenus du Site Web.<\/p><p>L&rsquo;UTILISATEUR reconna\u00eet et accepte que l&rsquo;utilisation du Site Web, ainsi que de ses services et contenus, se fait \u00e0 ses propres risques et responsabilit\u00e9s.<\/p><p><strong>7.3.<\/strong> L&rsquo;UTILISATEUR sera le seul responsable des contributions et commentaires qu&rsquo;il publie sur ce Site Web.<\/p><p>ASCALE ELITE S.L.U. se r\u00e9serve le droit de supprimer ceux qu&rsquo;elle juge inappropri\u00e9s, sans assumer aucune responsabilit\u00e9 pour les commentaires publi\u00e9s par les UTILISATEURS.<\/p><h5>8. LIENS<\/h5><p><strong>8.1.<\/strong> Dans le cas o\u00f9 le Site Web contiendrait des liens ou hyperliens vers d&rsquo;autres sites web, ASCALE ELITE S.L.U. n&rsquo;exercera aucun contr\u00f4le sur ces sites et contenus.<\/p><p>En aucun cas, ASCALE ELITE S.L.U. n&rsquo;assumera de responsabilit\u00e9 concernant les contenus des sites web externes li\u00e9s, ni ne garantira la disponibilit\u00e9 technique, qualit\u00e9, fiabilit\u00e9, exactitude, \u00e9tendue, v\u00e9racit\u00e9, l\u00e9galit\u00e9 ou validit\u00e9 de tout mat\u00e9riel ou information qui y est contenu.<\/p><p>Dans ce sens, si les UTILISATEURS ont connaissance effective d&rsquo;activit\u00e9s illicites r\u00e9alis\u00e9es via ces sites web de tiers, ils doivent en informer imm\u00e9diatement ASCALE ELITE S.L.U. afin que le lien d&rsquo;acc\u00e8s puisse \u00eatre d\u00e9sactiv\u00e9.<\/p><p><strong>8.2.<\/strong> De m\u00eame, l&rsquo;inclusion par ASCALE ELITE S.L.U. de tout type de lien vers d&rsquo;autres sites web n&rsquo;implique aucun type de relation, association, collaboration ou d\u00e9pendance entre ASCALE ELITE S.L.U. et le propri\u00e9taire du site web externe.<\/p><h5>9. DROIT D&rsquo;EXCLUSION<\/h5><p>ASCALE ELITE S.L.U. se r\u00e9serve le droit de refuser ou de retirer l&rsquo;acc\u00e8s \u00e0 ce Site Web et\/ou aux contenus et services offerts sur celui-ci, sans pr\u00e9avis, aux UTILISATEURS qui enfreignent ces conditions g\u00e9n\u00e9rales d&rsquo;utilisation ou toute condition particuli\u00e8re pouvant \u00eatre \u00e9tablie.<\/p><h5>10. DISPOSITIONS G\u00c9N\u00c9RALES<\/h5><p><strong>10.1.<\/strong> En cas de divergence entre les dispositions de ces conditions g\u00e9n\u00e9rales d&rsquo;utilisation et les conditions sp\u00e9cifiques de chaque service particulier, ces derni\u00e8res pr\u00e9vaudront.<\/p><p><strong>10.2.<\/strong> Si une disposition ou un contenu de cette Mention L\u00e9gale est d\u00e9clar\u00e9 nul ou inapplicable, totalement ou partiellement, par une d\u00e9cision d\u00e9finitive d&rsquo;un tribunal comp\u00e9tent, cette nullit\u00e9 ou inapplicabilit\u00e9 n&rsquo;affectera pas le reste des dispositions des conditions d&rsquo;utilisation, qui resteront valables en tous points.<\/p><p><strong>10.3.<\/strong> Le fait pour ASCALE ELITE S.L.U. de ne pas exercer ou exiger l&rsquo;application d&rsquo;un droit ou d&rsquo;une disposition contenue dans ces conditions d&rsquo;utilisation ne constitue pas une renonciation \u00e0 celui-ci, sauf reconnaissance et accord \u00e9crit.<\/p><p><strong>10.4.<\/strong> ASCALE ELITE S.L.U. pourra modifier, totalement ou partiellement, \u00e0 tout moment, les conditions ici \u00e9tablies, et ces modifications prendront effet \u00e0 partir du moment de leur publication sur ce Site Web.<\/p><h5>11. R\u00c9SEAUX SOCIAUX<\/h5><p>ASCALE ELITE S.L.U. peut actuellement ou \u00e0 l&rsquo;avenir avoir une pr\u00e9sence sur des plateformes de r\u00e9seaux sociaux o\u00f9 elle juge appropri\u00e9 de l&rsquo;\u00e9tablir.<\/p><p>Ces espaces seront<\/p><p>consid\u00e9r\u00e9s comme officiels, sans que ASCALE ELITE S.L.U. assume de responsabilit\u00e9 pour l&rsquo;utilisation ou les contenus fournis sur d&rsquo;autres comptes ou espaces ouverts sur les r\u00e9seaux sociaux par des tiers.<\/p><p>De m\u00eame, ASCALE ELITE S.L.U. n&rsquo;assumera pas de responsabilit\u00e9 pour l&rsquo;utilisation ou le contenu fourni via des comptes ou espaces ouverts par ses repr\u00e9sentants publics, cr\u00e9\u00e9s de mani\u00e8re priv\u00e9e ou via des partis politiques ou autres groupes auxquels ils peuvent appartenir.<\/p><p>ASCALE ELITE S.L.U., en tant qu&rsquo;administrateur de ses propres espaces sur ces r\u00e9seaux, pourra d\u00e9cider de ne pas publier et\/ou de supprimer tout contenu publi\u00e9 sur ceux-ci.<\/p><p>Dans tous les cas, l&rsquo;UTILISATEUR sera le seul responsable du contenu qu&rsquo;il peut publier sur les r\u00e9seaux sociaux d&rsquo;ASCALE ELITE S.L.U.<\/p><p>Les termes et conditions g\u00e9n\u00e9rales d&rsquo;utilisation du Site Web s&rsquo;appliqueront pleinement aux r\u00e9seaux sociaux, sans pr\u00e9judice des termes, conditions ou politiques \u00e9tablis par le r\u00e9seau social lui-m\u00eame.<\/p><p>De plus, veuillez noter que le Site Web peut int\u00e9grer des compl\u00e9ments ou plugins de r\u00e9seaux sociaux, auquel cas les \u00e9l\u00e9ments suivants doivent \u00eatre pris en compte :<\/p><ul><li>Si vous \u00eates inscrit en tant qu&rsquo;utilisateur du r\u00e9seau social (Facebook, Twitter (\u201cX\u201d), Instagram, etc.) et qu&rsquo;en visitant ce Site Web vous \u00eates connect\u00e9 \u00e0 ces r\u00e9seaux, en cliquant sur leurs plugins, le r\u00e9seau social recevra l&rsquo;information que vous avez visit\u00e9 le Site Web. Il fournira \u00e9galement des informations sur votre profil utilisateur sur le r\u00e9seau social (nom, e-mail, photo, etc.).<\/li><li>Si vous n&rsquo;\u00eates pas inscrit sur le r\u00e9seau social ou que vous n&rsquo;\u00eates pas connect\u00e9 lors de la visite du Site Web, le r\u00e9seau social peut n\u00e9anmoins recevoir et stocker votre adresse IP.<\/li><li>Si vous ne souhaitez pas qu&rsquo;un r\u00e9seau social collecte des donn\u00e9es personnelles ou les partage avec nous ou des tiers, consultez la politique de confidentialit\u00e9 du r\u00e9seau social concern\u00e9 et d\u00e9connectez-vous avant de visiter ce Site Web. Vous pouvez \u00e9galement supprimer tout cookie install\u00e9 par le r\u00e9seau social sur votre appareil via les fonctions de votre navigateur.<\/li><\/ul><h5>12. LOI APPLICABLE ET JURIDICTION<\/h5><p>La relation entre ASCALE ELITE S.L.U. et l&rsquo;UTILISATEUR sera r\u00e9gie par la l\u00e9gislation espagnole en vigueur, et tout litige sera soumis aux tribunaux de Castell\u00f3n.<\/p>\t\t\t\t\t\t\t\t<\/div>\n\t\t\t\t<\/div>\n\t\t\t\t\t<\/div>\n\t\t\t\t<\/div>\n\t\t\t\t<\/div>\n\t\t","protected":false},"excerpt":{"rendered":"<p>Mentions l\u00e9gales 1. INFORMATIONS L\u00c9GALES Conform\u00e9ment au devoir d&rsquo;information \u00e9tabli \u00e0 l&rsquo;Article 10 de la Loi 34\/2002 sur les Services de la Soci\u00e9t\u00e9 de l&rsquo;Information et le Commerce \u00c9lectronique, nous vous informons que le titulaire du site web https:\/\/dev0426.ascale.es (ci-apr\u00e8s, le \u00ab Site Web \u00bb) est ASCALE ELITE S.L.U. L&rsquo;identification et les coordonn\u00e9es du titulaire [&hellip;]<\/p>\n","protected":false},"author":1,"featured_media":0,"parent":0,"menu_order":0,"comment_status":"closed","ping_status":"closed","template":"","meta":{"_monsterinsights_skip_tracking":false,"_monsterinsights_sitenote_active":false,"_monsterinsights_sitenote_note":"","_monsterinsights_sitenote_category":0,"footnotes":""},"class_list":["post-36162","page","type-page","status-publish","hentry"],"aioseo_notices":[],"_links":{"self":[{"href":"https:\/\/dev0426.ascale.es\/fr\/wp-json\/wp\/v2\/pages\/36162","targetHints":{"allow":["GET"]}}],"collection":[{"href":"https:\/\/dev0426.ascale.es\/fr\/wp-json\/wp\/v2\/pages"}],"about":[{"href":"https:\/\/dev0426.ascale.es\/fr\/wp-json\/wp\/v2\/types\/page"}],"author":[{"embeddable":true,"href":"https:\/\/dev0426.ascale.es\/fr\/wp-json\/wp\/v2\/users\/1"}],"replies":[{"embeddable":true,"href":"https:\/\/dev0426.ascale.es\/fr\/wp-json\/wp\/v2\/comments?post=36162"}],"version-history":[{"count":11,"href":"https:\/\/dev0426.ascale.es\/fr\/wp-json\/wp\/v2\/pages\/36162\/revisions"}],"predecessor-version":[{"id":69181,"href":"https:\/\/dev0426.ascale.es\/fr\/wp-json\/wp\/v2\/pages\/36162\/revisions\/69181"}],"wp:attachment":[{"href":"https:\/\/dev0426.ascale.es\/fr\/wp-json\/wp\/v2\/media?parent=36162"}],"curies":[{"name":"wp","href":"https:\/\/api.w.org\/{rel}","templated":true}]}}