{"id":67737,"date":"2025-06-06T16:13:32","date_gmt":"2025-06-06T14:13:32","guid":{"rendered":"https:\/\/www.ascale.es\/produits\/"},"modified":"2025-08-28T14:54:51","modified_gmt":"2025-08-28T12:54:51","slug":"produits","status":"publish","type":"page","link":"https:\/\/dev0426.ascale.es\/fr\/produits\/","title":{"rendered":"Produits"},"content":{"rendered":"\t\t<div data-elementor-type=\"wp-page\" data-elementor-id=\"67737\" class=\"elementor elementor-67737 elementor-59839\" data-elementor-post-type=\"page\">\n\t\t\t\t<div class=\"elementor-element elementor-element-12534c50 e-flex e-con-boxed e-con e-parent\" data-id=\"12534c50\" data-element_type=\"container\" data-e-type=\"container\" data-settings=\"{&quot;jet_parallax_layout_list&quot;:[]}\">\n\t\t\t\t\t<div class=\"e-con-inner\">\n\t\t\t\t<div class=\"elementor-element elementor-element-41c924f8 elementor-widget elementor-widget-text-editor\" data-id=\"41c924f8\" data-element_type=\"widget\" data-e-type=\"widget\" data-widget_type=\"text-editor.default\">\n\t\t\t\t<div class=\"elementor-widget-container\">\n\t\t\t\t\t\t\t\t\t&nbsp;\r\n<div class=\"XTranslate\" style=\"all: unset;\"><\/div>\r\n<div class=\"XTranslate\" style=\"all: unset;\"><\/div>\t\t\t\t\t\t\t\t<\/div>\n\t\t\t\t<\/div>\n\t\t\t\t\t<\/div>\n\t\t\t\t<\/div>\n\t\t<div class=\"elementor-element elementor-element-1bcd4ae e-con-full e-flex e-con e-parent\" data-id=\"1bcd4ae\" data-element_type=\"container\" data-e-type=\"container\" data-settings=\"{&quot;background_background&quot;:&quot;classic&quot;,&quot;jet_parallax_layout_list&quot;:[]}\">\n\t\t\t\t<div class=\"elementor-element elementor-element-b907729 elementor-widget elementor-widget-image\" data-id=\"b907729\" data-element_type=\"widget\" data-e-type=\"widget\" data-widget_type=\"image.default\">\n\t\t\t\t<div class=\"elementor-widget-container\">\n\t\t\t\t\t\t\t\t\t\t\t\t\t\t\t<img fetchpriority=\"high\" decoding=\"async\" width=\"2048\" height=\"1074\" src=\"https:\/\/dev0426.ascale.es\/wp-content\/uploads\/2025\/06\/marc-linnemann-wDx3q0yb7fk-unsplash-2048x1074.jpg\" class=\"attachment-2048x2048 size-2048x2048 wp-image-59991\" alt=\"\" srcset=\"https:\/\/dev0426.ascale.es\/wp-content\/uploads\/2025\/06\/marc-linnemann-wDx3q0yb7fk-unsplash-2048x1074.jpg 2048w, https:\/\/dev0426.ascale.es\/wp-content\/uploads\/2025\/06\/marc-linnemann-wDx3q0yb7fk-unsplash-300x157.jpg 300w, https:\/\/dev0426.ascale.es\/wp-content\/uploads\/2025\/06\/marc-linnemann-wDx3q0yb7fk-unsplash-768x403.jpg 768w, https:\/\/dev0426.ascale.es\/wp-content\/uploads\/2025\/06\/marc-linnemann-wDx3q0yb7fk-unsplash-1536x806.jpg 1536w\" sizes=\"(max-width: 2048px) 100vw, 2048px\" \/>\t\t\t\t\t\t\t\t\t\t\t\t\t\t\t<\/div>\n\t\t\t\t<\/div>\n\t\t\t\t<\/div>\n\t\t<div class=\"elementor-element elementor-element-1df1ea2 e-flex e-con-boxed e-con e-parent\" data-id=\"1df1ea2\" data-element_type=\"container\" data-e-type=\"container\" data-settings=\"{&quot;jet_parallax_layout_list&quot;:[]}\">\n\t\t\t\t\t<div class=\"e-con-inner\">\n\t\t\t\t<div class=\"elementor-element elementor-element-2356d11 elementor-widget elementor-widget-heading\" data-id=\"2356d11\" data-element_type=\"widget\" data-e-type=\"widget\" data-widget_type=\"heading.default\">\n\t\t\t\t<div class=\"elementor-widget-container\">\n\t\t\t\t\t<span class=\"elementor-heading-title elementor-size-default\">Mat\u00e9riaux<\/span>\t\t\t\t<\/div>\n\t\t\t\t<\/div>\n\t\t\t\t\t<\/div>\n\t\t\t\t<\/div>\n\t\t<div class=\"elementor-element elementor-element-1cd3ed1 page-section-first e-flex e-con-boxed e-con e-parent\" data-id=\"1cd3ed1\" data-element_type=\"container\" data-e-type=\"container\" data-settings=\"{&quot;jet_parallax_layout_list&quot;:[]}\">\n\t\t\t\t\t<div class=\"e-con-inner\">\n\t\t<div class=\"elementor-element elementor-element-48f0082 e-con-full e-flex e-con e-child\" data-id=\"48f0082\" data-element_type=\"container\" data-e-type=\"container\" data-settings=\"{&quot;jet_parallax_layout_list&quot;:[]}\">\n\t\t\t\t<div class=\"elementor-element elementor-element-700f564 elementor-widget elementor-widget-heading\" data-id=\"700f564\" data-element_type=\"widget\" data-e-type=\"widget\" data-widget_type=\"heading.default\">\n\t\t\t\t<div class=\"elementor-widget-container\">\n\t\t\t\t\t<span class=\"elementor-heading-title elementor-size-default\">Mat\u00e9riaux<\/span>\t\t\t\t<\/div>\n\t\t\t\t<\/div>\n\t\t\t\t<div class=\"elementor-element elementor-element-448ab8f elementor-widget elementor-widget-heading\" data-id=\"448ab8f\" data-element_type=\"widget\" data-e-type=\"widget\" data-widget_type=\"heading.default\">\n\t\t\t\t<div class=\"elementor-widget-container\">\n\t\t\t\t\t<span class=\"elementor-heading-title elementor-size-default\">Explorez Ascale<br> sans limites<\/span>\t\t\t\t<\/div>\n\t\t\t\t<\/div>\n\t\t\t\t<\/div>\n\t\t<div class=\"elementor-element elementor-element-64c778a e-con-full e-flex e-con e-child\" data-id=\"64c778a\" data-element_type=\"container\" data-e-type=\"container\" data-settings=\"{&quot;jet_parallax_layout_list&quot;:[]}\">\n\t\t\t\t<div class=\"elementor-element elementor-element-31e0d02 elementor-widget elementor-widget-spacer\" data-id=\"31e0d02\" data-element_type=\"widget\" data-e-type=\"widget\" data-widget_type=\"spacer.default\">\n\t\t\t\t<div class=\"elementor-widget-container\">\n\t\t\t\t\t\t\t<div class=\"elementor-spacer\">\n\t\t\t<div class=\"elementor-spacer-inner\"><\/div>\n\t\t<\/div>\n\t\t\t\t\t\t<\/div>\n\t\t\t\t<\/div>\n\t\t\t\t<div class=\"elementor-element elementor-element-d664530 elementor-widget elementor-widget-text-editor\" data-id=\"d664530\" data-element_type=\"widget\" data-e-type=\"widget\" data-widget_type=\"text-editor.default\">\n\t\t\t\t<div class=\"elementor-widget-container\">\n\t\t\t\t\t\t\t\t\t<p>Au-del\u00e0 d\u2019un catalogue, nos collections sont une invitation \u00e0 d\u00e9couvrir textures, couleurs et formes qui transforment les espaces.<\/p><p>Des marbres avec \u00e2me, des pierres qui transmettent la solidit\u00e9, des ciments qui r\u00e9interpr\u00e8tent l\u2019essentiel\u2026 Laissez-vous inspirer et trouvez la surface qui connecte avec votre projet. <\/p>\t\t\t\t\t\t\t\t<\/div>\n\t\t\t\t<\/div>\n\t\t\t\t<\/div>\n\t\t\t\t\t<\/div>\n\t\t\t\t<\/div>\n\t\t<div class=\"elementor-element elementor-element-ad54500 e-flex e-con-boxed e-con e-parent\" data-id=\"ad54500\" data-element_type=\"container\" data-e-type=\"container\" data-settings=\"{&quot;jet_parallax_layout_list&quot;:[]}\">\n\t\t\t\t\t<div class=\"e-con-inner\">\n\t\t<div class=\"elementor-element elementor-element-9f04eec e-con-full e-flex e-con e-child\" data-id=\"9f04eec\" data-element_type=\"container\" data-e-type=\"container\" data-settings=\"{&quot;jet_parallax_layout_list&quot;:[]}\">\n\t\t<div class=\"elementor-element elementor-element-8bcebd7 e-con-full e-flex e-con e-child\" data-id=\"8bcebd7\" data-element_type=\"container\" data-e-type=\"container\" data-settings=\"{&quot;jet_parallax_layout_list&quot;:[]}\">\n\t\t\t\t<div class=\"elementor-element elementor-element-6fbf3af jet-smart-filter-group-position-column jet-smart-filter-content-position-column jet-smart-filter-group-position-column elementor-widget elementor-widget-jet-smart-filters-select\" data-id=\"6fbf3af\" data-element_type=\"widget\" data-e-type=\"widget\" data-widget_type=\"jet-smart-filters-select.default\">\n\t\t\t\t<div class=\"elementor-widget-container\">\n\t\t\t\t\t<div class=\"jet-smart-filters-select jet-filter \" data-indexer-rule=\"show\" data-show-counter=\"\" data-change-counter=\"always\"><div class=\"jet-filter-label\">Mesure<\/div>\n<div class=\"jet-select\" data-query-type=\"meta_query\" data-query-var=\"sizes\" data-smart-filter=\"select\" data-filter-id=\"43551\" data-apply-type=\"ajax\" data-content-provider=\"jet-engine\" data-additional-providers=\"\" data-query-id=\"materiales\" data-active-label=\"Mesure\" data-layout-options=\"{&quot;show_label&quot;:true,&quot;display_options&quot;:{&quot;show_items_label&quot;:false,&quot;show_decorator&quot;:false,&quot;filter_image_size&quot;:&quot;full&quot;,&quot;show_counter&quot;:false}}\" data-query-var-suffix=\"compare-regexp\" data-apply-on=\"value\">\n\t\t\t\t<select\n\t\t\tclass=\"jet-select__control\"\n\t\t\tname=\"sizes\"\n\t\t\t\t\t\taria-label=\"Mesure\"\n\t\t>\n\t\t\t\t\t\t\t\t\t\t<option\n\t\t\t\t\tvalue=\"\"\n\t\t\t\t\tdata-label=\"Toutes\"\n\t\t\t\t\tdata-counter-prefix=\"\"\n\t\t\t\t\tdata-counter-suffix=\"\"\n\t\t\t\t\t\t\t\t\t\t\t\t\t\t>\n\t\t\t\t\tToutes\t\t\t\t<\/option>\n\t\t\t\t\t\t\t\t<option\n\t\t\t\t\tvalue=\"162 x 324\"\n\t\t\t\t\tdata-label=\"162 x 324\"\n\t\t\t\t\tdata-counter-prefix=\"\"\n\t\t\t\t\tdata-counter-suffix=\"\"\n\t\t\t\t\t\t\t\t\t\t\t\t\t\t>\n\t\t\t\t\t162 x 324\t\t\t\t<\/option>\n\t\t\t\t\t\t\t\t<option\n\t\t\t\t\tvalue=\"160 x 320\"\n\t\t\t\t\tdata-label=\"160 x 320\"\n\t\t\t\t\tdata-counter-prefix=\"\"\n\t\t\t\t\tdata-counter-suffix=\"\"\n\t\t\t\t\t\t\t\t\t\t\t\t\t\t>\n\t\t\t\t\t160 x 320\t\t\t\t<\/option>\n\t\t\t\t\t\t\t\t<option\n\t\t\t\t\tvalue=\"120 x 280\"\n\t\t\t\t\tdata-label=\"120 x 280\"\n\t\t\t\t\tdata-counter-prefix=\"\"\n\t\t\t\t\tdata-counter-suffix=\"\"\n\t\t\t\t\t\t\t\t\t\t\t\t\t\t>\n\t\t\t\t\t120 x 280\t\t\t\t<\/option>\n\t\t\t\t\t\t\t\t<option\n\t\t\t\t\tvalue=\"300 x 100\"\n\t\t\t\t\tdata-label=\"300 x 100\"\n\t\t\t\t\tdata-counter-prefix=\"\"\n\t\t\t\t\tdata-counter-suffix=\"\"\n\t\t\t\t\t\t\t\t\t\t\t\t\t\t>\n\t\t\t\t\t300 x 100\t\t\t\t<\/option>\n\t\t\t\t<\/select>\n\t<\/div><\/div>\t\t\t\t<\/div>\n\t\t\t\t<\/div>\n\t\t\t\t<div class=\"elementor-element elementor-element-9c9542f jet-smart-filter-group-position-column jet-smart-filter-content-position-column jet-smart-filter-group-position-column elementor-widget elementor-widget-jet-smart-filters-select\" data-id=\"9c9542f\" data-element_type=\"widget\" data-e-type=\"widget\" data-widget_type=\"jet-smart-filters-select.default\">\n\t\t\t\t<div class=\"elementor-widget-container\">\n\t\t\t\t\t<div class=\"jet-smart-filters-select jet-filter \" data-indexer-rule=\"show\" data-show-counter=\"\" data-change-counter=\"always\"><div class=\"jet-filter-label\">\u00c9paisseur<\/div>\n<div class=\"jet-select\" data-query-type=\"meta_query\" data-query-var=\"324_x_162_espesor,320_x_160_espesor,280_x120_espesor,300_x100_espesor\" data-smart-filter=\"select\" data-filter-id=\"43569\" data-apply-type=\"ajax\" data-content-provider=\"jet-engine\" data-additional-providers=\"\" data-query-id=\"materiales\" data-active-label=\"\" data-layout-options=\"{&quot;show_label&quot;:true,&quot;display_options&quot;:{&quot;show_items_label&quot;:false,&quot;show_decorator&quot;:false,&quot;filter_image_size&quot;:&quot;full&quot;,&quot;show_counter&quot;:false}}\" data-query-var-suffix=\"compare-regexp\" data-apply-on=\"value\">\n\t\t\t\t<select\n\t\t\tclass=\"jet-select__control\"\n\t\t\tname=\"324_x_162_espesor,320_x_160_espesor,280_x120_espesor,300_x100_espesor\"\n\t\t\t\t\t\taria-label=\"\u00c9paisseur\"\n\t\t>\n\t\t\t\t\t\t\t\t\t\t<option\n\t\t\t\t\tvalue=\"\"\n\t\t\t\t\tdata-label=\"Tous\"\n\t\t\t\t\tdata-counter-prefix=\"\"\n\t\t\t\t\tdata-counter-suffix=\"\"\n\t\t\t\t\t\t\t\t\t\t\t\t\t\t>\n\t\t\t\t\tTous\t\t\t\t<\/option>\n\t\t\t\t\t\t\t\t<option\n\t\t\t\t\tvalue=\"20mm\"\n\t\t\t\t\tdata-label=\"20mm\"\n\t\t\t\t\tdata-counter-prefix=\"\"\n\t\t\t\t\tdata-counter-suffix=\"\"\n\t\t\t\t\t\t\t\t\t\t\t\t\t\t>\n\t\t\t\t\t20mm\t\t\t\t<\/option>\n\t\t\t\t\t\t\t\t<option\n\t\t\t\t\tvalue=\"12mm\"\n\t\t\t\t\tdata-label=\"12mm\"\n\t\t\t\t\tdata-counter-prefix=\"\"\n\t\t\t\t\tdata-counter-suffix=\"\"\n\t\t\t\t\t\t\t\t\t\t\t\t\t\t>\n\t\t\t\t\t12mm\t\t\t\t<\/option>\n\t\t\t\t\t\t\t\t<option\n\t\t\t\t\tvalue=\"6mm\"\n\t\t\t\t\tdata-label=\"6mm\"\n\t\t\t\t\tdata-counter-prefix=\"\"\n\t\t\t\t\tdata-counter-suffix=\"\"\n\t\t\t\t\t\t\t\t\t\t\t\t\t\t>\n\t\t\t\t\t6mm\t\t\t\t<\/option>\n\t\t\t\t\t\t\t\t<option\n\t\t\t\t\tvalue=\"3mm\"\n\t\t\t\t\tdata-label=\"3mm\"\n\t\t\t\t\tdata-counter-prefix=\"\"\n\t\t\t\t\tdata-counter-suffix=\"\"\n\t\t\t\t\t\t\t\t\t\t\t\t\t\t>\n\t\t\t\t\t3mm\t\t\t\t<\/option>\n\t\t\t\t<\/select>\n\t<\/div><\/div>\t\t\t\t<\/div>\n\t\t\t\t<\/div>\n\t\t\t\t<div class=\"elementor-element elementor-element-8f0710f jet-smart-filter-group-position-column jet-smart-filter-content-position-column jet-smart-filter-group-position-column elementor-widget elementor-widget-jet-smart-filters-select\" data-id=\"8f0710f\" data-element_type=\"widget\" data-e-type=\"widget\" data-widget_type=\"jet-smart-filters-select.default\">\n\t\t\t\t<div class=\"elementor-widget-container\">\n\t\t\t\t\t<div class=\"jet-smart-filters-select jet-filter \" data-indexer-rule=\"show\" data-show-counter=\"\" data-change-counter=\"always\"><div class=\"jet-filter-label\">Finition<\/div>\n<div class=\"jet-select\" data-query-type=\"meta_query\" data-query-var=\"324_x_162_acabado,320_x_160_acabado,280_x_120_acabado\" data-smart-filter=\"select\" data-filter-id=\"43559\" data-apply-type=\"ajax\" data-content-provider=\"jet-engine\" data-additional-providers=\"\" data-query-id=\"materiales\" data-active-label=\"Finition\" data-layout-options=\"{&quot;show_label&quot;:true,&quot;display_options&quot;:{&quot;show_items_label&quot;:false,&quot;show_decorator&quot;:false,&quot;filter_image_size&quot;:&quot;full&quot;,&quot;show_counter&quot;:false}}\" data-query-var-suffix=\"compare-regexp\" data-apply-on=\"value\">\n\t\t\t\t<select\n\t\t\tclass=\"jet-select__control\"\n\t\t\tname=\"324_x_162_acabado,320_x_160_acabado,280_x_120_acabado\"\n\t\t\t\t\t\taria-label=\"Finition\"\n\t\t>\n\t\t\t\t\t\t\t\t\t\t<option\n\t\t\t\t\tvalue=\"\"\n\t\t\t\t\tdata-label=\"Tous\"\n\t\t\t\t\tdata-counter-prefix=\"\"\n\t\t\t\t\tdata-counter-suffix=\"\"\n\t\t\t\t\t\t\t\t\t\t\t\t\t\t>\n\t\t\t\t\tTous\t\t\t\t<\/option>\n\t\t\t\t\t\t\t\t<option\n\t\t\t\t\tvalue=\"Feel\"\n\t\t\t\t\tdata-label=\"Feel\"\n\t\t\t\t\tdata-counter-prefix=\"\"\n\t\t\t\t\tdata-counter-suffix=\"\"\n\t\t\t\t\t\t\t\t\t\t\t\t\t\t>\n\t\t\t\t\tFeel\t\t\t\t<\/option>\n\t\t\t\t\t\t\t\t<option\n\t\t\t\t\tvalue=\"Matt\"\n\t\t\t\t\tdata-label=\"Matt\"\n\t\t\t\t\tdata-counter-prefix=\"\"\n\t\t\t\t\tdata-counter-suffix=\"\"\n\t\t\t\t\t\t\t\t\t\t\t\t\t\t>\n\t\t\t\t\tMatt\t\t\t\t<\/option>\n\t\t\t\t\t\t\t\t<option\n\t\t\t\t\tvalue=\"Polished\"\n\t\t\t\t\tdata-label=\"Polished\"\n\t\t\t\t\tdata-counter-prefix=\"\"\n\t\t\t\t\tdata-counter-suffix=\"\"\n\t\t\t\t\t\t\t\t\t\t\t\t\t\t>\n\t\t\t\t\tPolished\t\t\t\t<\/option>\n\t\t\t\t\t\t\t\t<option\n\t\t\t\t\tvalue=\"Velvet\"\n\t\t\t\t\tdata-label=\"Velvet\"\n\t\t\t\t\tdata-counter-prefix=\"\"\n\t\t\t\t\tdata-counter-suffix=\"\"\n\t\t\t\t\t\t\t\t\t\t\t\t\t\t>\n\t\t\t\t\tVelvet\t\t\t\t<\/option>\n\t\t\t\t<\/select>\n\t<\/div><\/div>\t\t\t\t<\/div>\n\t\t\t\t<\/div>\n\t\t\t\t<\/div>\n\t\t\t\t<div class=\"elementor-element elementor-element-8f6c273 elementor-widget elementor-widget-html\" data-id=\"8f6c273\" data-element_type=\"widget\" data-e-type=\"widget\" data-widget_type=\"html.default\">\n\t\t\t\t<div class=\"elementor-widget-container\">\n\t\t\t\t\t<script>\/*\n    ESTE SCRIPT ACTUALIZA LAS OPCIONES \n    DE LOS FILTROS SEGUN  LAS SELECCIONES ANTERIORES\n*\/\n\n\n    document.addEventListener('DOMContentLoaded', function() {\n  \/\/ Get references to the select elements\n  const sizeSelect = document.querySelector('select[name=\"sizes\"]');\n  const thicknessSelect = document.querySelector('select[name=\"324_x_162_espesor,320_x_160_espesor,280_x120_espesor\"]');\n\n  \/\/ Define the compatibility rules\n  const rules = {\n    sizes: {\n      '162 x 324': ['3mm', '6mm'],\n      '160 x 320': ['3mm', '12mm', \"20mm\"],\n      '120 x 280': ['3mm', '12mm', '20mm'],\n      '300 x 100': ['12mm', '6mm', '20mm']\n    },\n    thickness: {\n      '20mm': ['160 x 320','120 x 280', '300 x 100'],\n      '12mm': ['120 x 280', '300 x 100','160 x 320'],\n      '6mm': ['162 x 324',  '300 x 100'],\n      '3mm': ['162 x 324', '160 x 320', '120 x 280'],\n    }\n  };\n\n  \/\/ Function to enable all options in a select element\n  function enableAllOptions(selectElement) {\n    Array.from(selectElement.options).forEach(option => {\n      option.disabled = false;\n    });\n  }\n\n  \/\/ Function to update thickness options based on selected size\n  function updateThicknessOptions() {\n    const selectedSize = sizeSelect.value;\n    \n    \/\/ First, enable all options\n    enableAllOptions(thicknessSelect);\n    \n    \/\/ If a specific size is selected (not \"Todas\")\n    if (selectedSize && selectedSize !== \"\") {\n      \/\/ Get the list of thicknesses to disable for this size\n      const disabledThicknesses = rules.sizes[selectedSize] || [];\n      \n      \/\/ Disable incompatible thickness options\n      Array.from(thicknessSelect.options).forEach(option => {\n        if (disabledThicknesses.includes(option.value)) {\n          option.disabled = true;\n        }\n      });\n      \n      \/\/ If the currently selected thickness is now disabled, reset to \"Todos\"\n      if (thicknessSelect.selectedIndex > 0 && \n          thicknessSelect.options[thicknessSelect.selectedIndex].disabled) {\n        thicknessSelect.selectedIndex = 0;\n      }\n    }\n  }\n\n  \/\/ Function to update size options based on selected thickness\n  function updateSizeOptions() {\n    const selectedThickness = thicknessSelect.value;\n    \n    \/\/ First, enable all options\n    enableAllOptions(sizeSelect);\n    \n    \/\/ If a specific thickness is selected (not \"Todos\")\n    if (selectedThickness && selectedThickness !== \"\") {\n      \/\/ Get the list of sizes to disable for this thickness\n      const disabledSizes = rules.thickness[selectedThickness] || [];\n      \n      \/\/ Disable incompatible size options\n      Array.from(sizeSelect.options).forEach(option => {\n        if (disabledSizes.includes(option.value)) {\n          option.disabled = true;\n        }\n      });\n      \n      \/\/ If the currently selected size is now disabled, reset to \"Todas\"\n      if (sizeSelect.selectedIndex > 0 && \n          sizeSelect.options[sizeSelect.selectedIndex].disabled) {\n        sizeSelect.selectedIndex = 0;\n      }\n    }\n  }\n\n  \/\/ Add event listeners to both select elements\n  sizeSelect.addEventListener('change', updateThicknessOptions);\n  thicknessSelect.addEventListener('change', updateSizeOptions);\n\n  \/\/ Initialize the options state\n  updateThicknessOptions();\n  updateSizeOptions();\n});\n<\/script>\t\t\t\t<\/div>\n\t\t\t\t<\/div>\n\t\t\t\t<\/div>\n\t\t<div class=\"elementor-element elementor-element-af2f2b5 e-con-full e-flex e-con e-child\" data-id=\"af2f2b5\" data-element_type=\"container\" data-e-type=\"container\" data-settings=\"{&quot;background_background&quot;:&quot;classic&quot;,&quot;jet_parallax_layout_list&quot;:[]}\">\n\t\t\t\t<div class=\"elementor-element elementor-element-2ce2421 elementor-widget elementor-widget-jet-inline-svg\" data-id=\"2ce2421\" data-element_type=\"widget\" data-e-type=\"widget\" data-widget_type=\"jet-inline-svg.default\">\n\t\t\t\t<div class=\"elementor-widget-container\">\n\t\t\t\t\t<div class=\"elementor-jet-inline-svg jet-elements\"><div class=\"jet-inline-svg__wrapper\"><div class=\"jet-inline-svg\"><img decoding=\"async\" src=\"https:\/\/dev0426.dev0426.ascale.es\/wp-content\/uploads\/2024\/08\/ico-sol.svg\" alt=\"\" class=\"jet-inline-svg__inner\"><\/div><\/div><\/div>\t\t\t\t<\/div>\n\t\t\t\t<\/div>\n\t\t\t\t<div class=\"elementor-element elementor-element-c52cc88 elementor-widget elementor-widget-html\" data-id=\"c52cc88\" data-element_type=\"widget\" data-e-type=\"widget\" data-widget_type=\"html.default\">\n\t\t\t\t<div class=\"elementor-widget-container\">\n\t\t\t\t\t<label id=\"switch-theme\">\r\n  <input type=\"checkbox\">\r\n  <span class=\"slider round\"><\/span>\r\n<\/label>\r\n\r\n<script>\r\ndocument.addEventListener('DOMContentLoaded', function(){\r\n\r\n\r\n    const toggleSwitch = document.querySelector('#switch-theme input');\r\n    toggleSwitch.addEventListener('change', function() {\r\n\r\n      if (this.checked) {\r\n        document.body.classList.add('dark-theme');\r\n      } else {\r\n        document.body.classList.remove('dark-theme');\r\n      }\r\n    });\r\n    \r\n})\r\n<\/script>\t\t\t\t<\/div>\n\t\t\t\t<\/div>\n\t\t\t\t<div class=\"elementor-element elementor-element-3f0e89a elementor-widget elementor-widget-jet-inline-svg\" data-id=\"3f0e89a\" data-element_type=\"widget\" data-e-type=\"widget\" data-widget_type=\"jet-inline-svg.default\">\n\t\t\t\t<div class=\"elementor-widget-container\">\n\t\t\t\t\t<div class=\"elementor-jet-inline-svg jet-elements\"><div class=\"jet-inline-svg__wrapper\"><div class=\"jet-inline-svg\"><img decoding=\"async\" src=\"https:\/\/dev0426.dev0426.ascale.es\/wp-content\/uploads\/2024\/08\/ico-luna.svg\" alt=\"\" class=\"jet-inline-svg__inner\"><\/div><\/div><\/div>\t\t\t\t<\/div>\n\t\t\t\t<\/div>\n\t\t\t\t<\/div>\n\t\t\t\t\t<\/div>\n\t\t\t\t<\/div>\n\t\t<div class=\"elementor-element elementor-element-b4434d8 page-section e-flex e-con-boxed e-con e-parent\" data-id=\"b4434d8\" data-element_type=\"container\" data-e-type=\"container\" data-settings=\"{&quot;background_background&quot;:&quot;classic&quot;,&quot;jet_parallax_layout_list&quot;:[]}\">\n\t\t\t\t\t<div class=\"e-con-inner\">\n\t\t\t\t<div class=\"elementor-element elementor-element-aaea92a elementor-widget elementor-widget-jet-listing-grid\" data-id=\"aaea92a\" data-element_type=\"widget\" data-e-type=\"widget\" id=\"materiales\" data-settings=\"{&quot;columns&quot;:&quot;3&quot;,&quot;columns_tablet&quot;:&quot;auto&quot;,&quot;columns_mobile&quot;:&quot;1&quot;}\" data-widget_type=\"jet-listing-grid.default\">\n\t\t\t\t<div class=\"elementor-widget-container\">\n\t\t\t\t\t<div class=\"jet-listing-grid jet-listing-grid--lazy-load jet-listing jet-listing-grid-loading\" data-lazy-load=\"{&quot;offset&quot;:&quot;800px&quot;,&quot;post_id&quot;:67737,&quot;queried_id&quot;:&quot;67737|WP_Post&quot;}\"><div class=\"jet-listing-grid__loader\"><div class=\"jet-listing-grid__loader-spinner\"><\/div><\/div><\/div>\t\t\t\t<\/div>\n\t\t\t\t<\/div>\n\t\t\t\t\t<\/div>\n\t\t\t\t<\/div>\n\t\t\t\t<\/div>\n\t\t","protected":false},"excerpt":{"rendered":"<p>&nbsp; Mat\u00e9riaux Mat\u00e9riaux Explorez Ascale sans limites Au-del\u00e0 d\u2019un catalogue, nos collections sont une invitation \u00e0 d\u00e9couvrir textures, couleurs et formes qui transforment les espaces. Des marbres avec \u00e2me, des pierres qui transmettent la solidit\u00e9, des ciments qui r\u00e9interpr\u00e8tent l\u2019essentiel\u2026 Laissez-vous inspirer et trouvez la surface qui connecte avec votre projet. Medida Todas162 x 324160 [&hellip;]<\/p>\n","protected":false},"author":1,"featured_media":0,"parent":0,"menu_order":0,"comment_status":"closed","ping_status":"closed","template":"","meta":{"_monsterinsights_skip_tracking":false,"_monsterinsights_sitenote_active":false,"_monsterinsights_sitenote_note":"","_monsterinsights_sitenote_category":0,"footnotes":""},"class_list":["post-67737","page","type-page","status-publish","hentry"],"aioseo_notices":[],"_links":{"self":[{"href":"https:\/\/dev0426.ascale.es\/fr\/wp-json\/wp\/v2\/pages\/67737","targetHints":{"allow":["GET"]}}],"collection":[{"href":"https:\/\/dev0426.ascale.es\/fr\/wp-json\/wp\/v2\/pages"}],"about":[{"href":"https:\/\/dev0426.ascale.es\/fr\/wp-json\/wp\/v2\/types\/page"}],"author":[{"embeddable":true,"href":"https:\/\/dev0426.ascale.es\/fr\/wp-json\/wp\/v2\/users\/1"}],"replies":[{"embeddable":true,"href":"https:\/\/dev0426.ascale.es\/fr\/wp-json\/wp\/v2\/comments?post=67737"}],"version-history":[{"count":1,"href":"https:\/\/dev0426.ascale.es\/fr\/wp-json\/wp\/v2\/pages\/67737\/revisions"}],"predecessor-version":[{"id":67738,"href":"https:\/\/dev0426.ascale.es\/fr\/wp-json\/wp\/v2\/pages\/67737\/revisions\/67738"}],"wp:attachment":[{"href":"https:\/\/dev0426.ascale.es\/fr\/wp-json\/wp\/v2\/media?parent=67737"}],"curies":[{"name":"wp","href":"https:\/\/api.w.org\/{rel}","templated":true}]}}