{"id":36306,"date":"2024-08-30T00:09:58","date_gmt":"2024-08-29T22:09:58","guid":{"rendered":"https:\/\/ascale.es\/new-web\/quien-somos\/"},"modified":"2025-11-07T11:45:39","modified_gmt":"2025-11-07T10:45:39","slug":"chi-siamo","status":"publish","type":"page","link":"https:\/\/dev0426.ascale.es\/it\/chi-siamo\/","title":{"rendered":"Chi Siamo"},"content":{"rendered":"\t\t<div data-elementor-type=\"wp-page\" data-elementor-id=\"36306\" class=\"elementor elementor-36306 elementor-26355\" data-elementor-post-type=\"page\">\n\t\t\t\t<div class=\"elementor-element elementor-element-3f891bf e-flex e-con-boxed e-con e-parent\" data-id=\"3f891bf\" data-element_type=\"container\" data-e-type=\"container\" data-settings=\"{&quot;background_background&quot;:&quot;classic&quot;,&quot;jet_parallax_layout_list&quot;:[]}\">\n\t\t\t\t\t<div class=\"e-con-inner\">\n\t\t\t\t\t<\/div>\n\t\t\t\t<\/div>\n\t\t<div class=\"elementor-element elementor-element-399be87 page-section-first e-flex e-con-boxed e-con e-parent\" data-id=\"399be87\" data-element_type=\"container\" data-e-type=\"container\" data-settings=\"{&quot;jet_parallax_layout_list&quot;:[],&quot;background_background&quot;:&quot;classic&quot;}\">\n\t\t\t\t\t<div class=\"e-con-inner\">\n\t\t\t\t<div class=\"elementor-element elementor-element-fcf0b81 elementor-absolute forma-a elementor-hidden-mobile elementor-widget elementor-widget-image\" data-id=\"fcf0b81\" data-element_type=\"widget\" data-e-type=\"widget\" data-settings=\"{&quot;_position&quot;:&quot;absolute&quot;}\" data-widget_type=\"image.default\">\n\t\t\t\t<div class=\"elementor-widget-container\">\n\t\t\t\t\t\t\t\t\t\t\t\t\t\t\t<img fetchpriority=\"high\" decoding=\"async\" width=\"800\" height=\"541\" src=\"https:\/\/dev0426.ascale.es\/wp-content\/uploads\/2024\/08\/forma-A-2.svg\" class=\"attachment-large size-large wp-image-31079\" alt=\"\" \/>\t\t\t\t\t\t\t\t\t\t\t\t\t\t\t<\/div>\n\t\t\t\t<\/div>\n\t\t<div class=\"elementor-element elementor-element-8d765a9 e-con-full grupo-texto e-flex e-con e-child\" data-id=\"8d765a9\" data-element_type=\"container\" data-e-type=\"container\" data-settings=\"{&quot;jet_parallax_layout_list&quot;:[]}\">\n\t\t\t\t<div class=\"elementor-element elementor-element-97f9f3c elementor-widget elementor-widget-heading\" data-id=\"97f9f3c\" data-element_type=\"widget\" data-e-type=\"widget\" data-widget_type=\"heading.default\">\n\t\t\t\t<div class=\"elementor-widget-container\">\n\t\t\t\t\t<span class=\"elementor-heading-title elementor-size-default\">CHI SIAMO <\/span>\t\t\t\t<\/div>\n\t\t\t\t<\/div>\n\t\t\t\t<div class=\"elementor-element elementor-element-0e7d542 elementor-widget elementor-widget-heading\" data-id=\"0e7d542\" data-element_type=\"widget\" data-e-type=\"widget\" data-widget_type=\"heading.default\">\n\t\t\t\t<div class=\"elementor-widget-container\">\n\t\t\t\t\t<span class=\"elementor-heading-title elementor-size-default\">CREIAMO SPAZI CONSAPEVOLI <\/span>\t\t\t\t<\/div>\n\t\t\t\t<\/div>\n\t\t\t\t<div class=\"elementor-element elementor-element-0957912 elementor-widget elementor-widget-text-editor\" data-id=\"0957912\" data-element_type=\"widget\" data-e-type=\"widget\" data-widget_type=\"text-editor.default\">\n\t\t\t\t<div class=\"elementor-widget-container\">\n\t\t\t\t\t\t\t\t\t<p>In Ascale, produciamo pietra sinterizzata che trasforma gli spazi in esperienze uniche, perch\u00e9 la cosa migliore della creazione di una cosa \u00e8 viverla.<\/p><p>La nostra storia, con pi\u00f9 di 50 anni di esperienza, \u00e8 caratterizzata da una costante evoluzione che ci mantiene all&#8217;avanguardia nella tecnologia e nel design. Ispirati alla natura e guidati dall&#8217;innovazione, offriamo un&#8217;ampia gamma di materiali che consentono ad architetti, designer e costruttori di dare vita alle loro idee pi\u00f9 ambiziose.<\/p><p>Ecco perch\u00e9 siamo il marchio leader nel mercato dei piatti sinterizzati di grande formato, grazie alla nostra passione per l&#8217;eccellenza e a un impegno costante per la qualit\u00e0.<\/p>\t\t\t\t\t\t\t\t<\/div>\n\t\t\t\t<\/div>\n\t\t\t\t<div class=\"elementor-element elementor-element-bd10d97 elementor-widget elementor-widget-button\" data-id=\"bd10d97\" data-element_type=\"widget\" data-e-type=\"widget\" data-widget_type=\"button.default\">\n\t\t\t\t<div class=\"elementor-widget-container\">\n\t\t\t\t\t\t\t\t\t<div class=\"elementor-button-wrapper\">\n\t\t\t\t\t<a class=\"elementor-button elementor-button-link elementor-size-sm\" href=\"https:\/\/dev0426.ascale.es\/it\/contacto\/\">\n\t\t\t\t\t\t<span class=\"elementor-button-content-wrapper\">\n\t\t\t\t\t\t<span class=\"elementor-button-icon\">\n\t\t\t\t<svg xmlns=\"http:\/\/www.w3.org\/2000\/svg\" width=\"29\" height=\"29\" viewBox=\"0 0 29 29\" fill=\"none\"><circle cx=\"14.5\" cy=\"14.5\" r=\"14.5\" fill=\"#D9D9D9\"><\/circle><path fill-rule=\"evenodd\" clip-rule=\"evenodd\" d=\"M14 14V6H15V14L23 14V15L15 15V23H14V15L6 15V14L14 14Z\" fill=\"white\"><\/path><\/svg>\t\t\t<\/span>\n\t\t\t\t\t\t\t\t\t<span class=\"elementor-button-text\">Contattaci<\/span>\n\t\t\t\t\t<\/span>\n\t\t\t\t\t<\/a>\n\t\t\t\t<\/div>\n\t\t\t\t\t\t\t\t<\/div>\n\t\t\t\t<\/div>\n\t\t\t\t<\/div>\n\t\t<div class=\"elementor-element elementor-element-af2fab3 e-con-full grupo-texto e-flex e-con e-child\" data-id=\"af2fab3\" data-element_type=\"container\" data-e-type=\"container\" data-settings=\"{&quot;jet_parallax_layout_list&quot;:[]}\">\n\t\t\t\t<div class=\"elementor-element elementor-element-ff1004d elementor-widget elementor-widget-image\" data-id=\"ff1004d\" data-element_type=\"widget\" data-e-type=\"widget\" data-widget_type=\"image.default\">\n\t\t\t\t<div class=\"elementor-widget-container\">\n\t\t\t\t\t\t\t\t\t\t\t\t\t\t\t<img decoding=\"async\" width=\"800\" height=\"558\" src=\"https:\/\/dev0426.ascale.es\/wp-content\/uploads\/2024\/09\/MACCHIA-VECCHIA-GOLD-1-1024x714.webp\" class=\"attachment-large size-large wp-image-31981\" alt=\"\" srcset=\"https:\/\/dev0426.ascale.es\/wp-content\/uploads\/2024\/09\/MACCHIA-VECCHIA-GOLD-1-1024x714.webp 1024w, https:\/\/dev0426.ascale.es\/wp-content\/uploads\/2024\/09\/MACCHIA-VECCHIA-GOLD-1-300x209.webp 300w, https:\/\/dev0426.ascale.es\/wp-content\/uploads\/2024\/09\/MACCHIA-VECCHIA-GOLD-1-768x536.webp 768w, https:\/\/dev0426.ascale.es\/wp-content\/uploads\/2024\/09\/MACCHIA-VECCHIA-GOLD-1-1536x1071.webp 1536w, https:\/\/dev0426.ascale.es\/wp-content\/uploads\/2024\/09\/MACCHIA-VECCHIA-GOLD-1.webp 1920w\" sizes=\"(max-width: 800px) 100vw, 800px\" \/>\t\t\t\t\t\t\t\t\t\t\t\t\t\t\t<\/div>\n\t\t\t\t<\/div>\n\t\t\t\t<\/div>\n\t\t\t\t\t<\/div>\n\t\t\t\t<\/div>\n\t\t<div class=\"elementor-element elementor-element-6e537c8 page-section e-flex e-con-boxed e-con e-parent\" data-id=\"6e537c8\" data-element_type=\"container\" data-e-type=\"container\" data-settings=\"{&quot;jet_parallax_layout_list&quot;:[],&quot;background_background&quot;:&quot;classic&quot;}\">\n\t\t\t\t\t<div class=\"e-con-inner\">\n\t\t<div class=\"elementor-element elementor-element-d24ca75 e-con-full grupo-texto e-flex e-con e-child\" data-id=\"d24ca75\" data-element_type=\"container\" data-e-type=\"container\" data-settings=\"{&quot;jet_parallax_layout_list&quot;:[]}\">\n\t\t\t\t<div class=\"elementor-element elementor-element-a717f71 elementor-widget elementor-widget-image\" data-id=\"a717f71\" data-element_type=\"widget\" data-e-type=\"widget\" data-widget_type=\"image.default\">\n\t\t\t\t<div class=\"elementor-widget-container\">\n\t\t\t\t\t\t\t\t\t\t\t\t\t\t\t<img decoding=\"async\" width=\"800\" height=\"527\" src=\"https:\/\/dev0426.ascale.es\/wp-content\/uploads\/2024\/09\/about-2.webp\" class=\"attachment-large size-large wp-image-31856\" alt=\"\" srcset=\"https:\/\/dev0426.ascale.es\/wp-content\/uploads\/2024\/09\/about-2.webp 803w, https:\/\/dev0426.ascale.es\/wp-content\/uploads\/2024\/09\/about-2-300x198.webp 300w, https:\/\/dev0426.ascale.es\/wp-content\/uploads\/2024\/09\/about-2-768x506.webp 768w\" sizes=\"(max-width: 800px) 100vw, 800px\" \/>\t\t\t\t\t\t\t\t\t\t\t\t\t\t\t<\/div>\n\t\t\t\t<\/div>\n\t\t\t\t<\/div>\n\t\t<div class=\"elementor-element elementor-element-454556c e-con-full grupo-texto e-flex e-con e-child\" data-id=\"454556c\" data-element_type=\"container\" data-e-type=\"container\" data-settings=\"{&quot;jet_parallax_layout_list&quot;:[]}\">\n\t\t\t\t<div class=\"elementor-element elementor-element-40ed909 elementor-widget elementor-widget-heading\" data-id=\"40ed909\" data-element_type=\"widget\" data-e-type=\"widget\" data-widget_type=\"heading.default\">\n\t\t\t\t<div class=\"elementor-widget-container\">\n\t\t\t\t\t<span class=\"elementor-heading-title elementor-size-default\">Visione<\/span>\t\t\t\t<\/div>\n\t\t\t\t<\/div>\n\t\t\t\t<div class=\"elementor-element elementor-element-af95e95 elementor-widget elementor-widget-heading\" data-id=\"af95e95\" data-element_type=\"widget\" data-e-type=\"widget\" data-widget_type=\"heading.default\">\n\t\t\t\t<div class=\"elementor-widget-container\">\n\t\t\t\t\t<span class=\"elementor-heading-title elementor-size-default\">GUIDATI DALL'INNOVAZIONE<\/span>\t\t\t\t<\/div>\n\t\t\t\t<\/div>\n\t\t\t\t<div class=\"elementor-element elementor-element-848a2cd elementor-widget elementor-widget-text-editor\" data-id=\"848a2cd\" data-element_type=\"widget\" data-e-type=\"widget\" data-widget_type=\"text-editor.default\">\n\t\t\t\t<div class=\"elementor-widget-container\">\n\t\t\t\t\t\t\t\t\t<p>Essere un punto di riferimento globale nel settore della pietra sinterizzata, riconosciuti per la nostra innovazione ed eccellenza.<\/p><p>Aspiriamo a guidare il mercato attraverso soluzioni sostenibili che promuovano lo sviluppo economico, rispettino l&#8217;ambiente e migliorino il benessere delle persone e delle comunit\u00e0.<\/p>\t\t\t\t\t\t\t\t<\/div>\n\t\t\t\t<\/div>\n\t\t\t\t<div class=\"elementor-element elementor-element-878a466 elementor-widget elementor-widget-button\" data-id=\"878a466\" data-element_type=\"widget\" data-e-type=\"widget\" data-widget_type=\"button.default\">\n\t\t\t\t<div class=\"elementor-widget-container\">\n\t\t\t\t\t\t\t\t\t<div class=\"elementor-button-wrapper\">\n\t\t\t\t\t<a class=\"elementor-button elementor-button-link elementor-size-sm\" href=\"https:\/\/dev0426.ascale.es\/it\/contacto\/\">\n\t\t\t\t\t\t<span class=\"elementor-button-content-wrapper\">\n\t\t\t\t\t\t<span class=\"elementor-button-icon\">\n\t\t\t\t<svg xmlns=\"http:\/\/www.w3.org\/2000\/svg\" width=\"29\" height=\"29\" viewBox=\"0 0 29 29\" fill=\"none\"><circle cx=\"14.5\" cy=\"14.5\" r=\"14.5\" fill=\"#D9D9D9\"><\/circle><path fill-rule=\"evenodd\" clip-rule=\"evenodd\" d=\"M14 14V6H15V14L23 14V15L15 15V23H14V15L6 15V14L14 14Z\" fill=\"white\"><\/path><\/svg>\t\t\t<\/span>\n\t\t\t\t\t\t\t\t\t<span class=\"elementor-button-text\">Contattaci<\/span>\n\t\t\t\t\t<\/span>\n\t\t\t\t\t<\/a>\n\t\t\t\t<\/div>\n\t\t\t\t\t\t\t\t<\/div>\n\t\t\t\t<\/div>\n\t\t\t\t<\/div>\n\t\t\t\t\t<\/div>\n\t\t\t\t<\/div>\n\t\t<div class=\"elementor-element elementor-element-6311685 page-section e-flex e-con-boxed e-con e-parent\" data-id=\"6311685\" data-element_type=\"container\" data-e-type=\"container\" data-settings=\"{&quot;jet_parallax_layout_list&quot;:[],&quot;background_background&quot;:&quot;classic&quot;}\">\n\t\t\t\t\t<div class=\"e-con-inner\">\n\t\t<div class=\"elementor-element elementor-element-344e055 e-con-full grupo-texto e-flex e-con e-child\" data-id=\"344e055\" data-element_type=\"container\" data-e-type=\"container\" data-settings=\"{&quot;jet_parallax_layout_list&quot;:[]}\">\n\t\t\t\t<div class=\"elementor-element elementor-element-1d28ab3 elementor-widget elementor-widget-heading\" data-id=\"1d28ab3\" data-element_type=\"widget\" data-e-type=\"widget\" data-widget_type=\"heading.default\">\n\t\t\t\t<div class=\"elementor-widget-container\">\n\t\t\t\t\t<span class=\"elementor-heading-title elementor-size-default\">LA NOSTRA MISSIONE<\/span>\t\t\t\t<\/div>\n\t\t\t\t<\/div>\n\t\t\t\t<div class=\"elementor-element elementor-element-d671d4f elementor-widget elementor-widget-text-editor\" data-id=\"d671d4f\" data-element_type=\"widget\" data-e-type=\"widget\" data-widget_type=\"text-editor.default\">\n\t\t\t\t<div class=\"elementor-widget-container\">\n\t\t\t\t\t\t\t\t\t<p>Produciamo e distribuiamo soluzioni in pietra sinterizzata di alta qualit\u00e0, impegnandoci verso i nostri clienti attraverso pratiche responsabili, innovative e sostenibili.<\/p><p>Lavoriamo per creare un impatto positivo nelle comunit\u00e0 in cui operiamo, proteggendo l&#8217;ambiente e generando valore per tutte le persone coinvolte.<\/p>\t\t\t\t\t\t\t\t<\/div>\n\t\t\t\t<\/div>\n\t\t\t\t<\/div>\n\t\t<div class=\"elementor-element elementor-element-d937a4e e-con-full grupo-texto e-flex e-con e-child\" data-id=\"d937a4e\" data-element_type=\"container\" data-e-type=\"container\" data-settings=\"{&quot;jet_parallax_layout_list&quot;:[]}\">\n\t\t\t\t<div class=\"elementor-element elementor-element-b1c86f6 e-transform e-transform e-transform elementor-widget elementor-widget-image\" data-id=\"b1c86f6\" data-element_type=\"widget\" data-e-type=\"widget\" data-settings=\"{&quot;_transform_translateX_effect&quot;:{&quot;unit&quot;:&quot;px&quot;,&quot;size&quot;:-50,&quot;sizes&quot;:[]},&quot;_transform_translateX_effect_mobile&quot;:{&quot;unit&quot;:&quot;px&quot;,&quot;size&quot;:0,&quot;sizes&quot;:[]},&quot;_transform_flipX_effect&quot;:&quot;transform&quot;,&quot;_transform_flipY_effect&quot;:&quot;transform&quot;,&quot;_transform_translateX_effect_tablet&quot;:{&quot;unit&quot;:&quot;px&quot;,&quot;size&quot;:&quot;&quot;,&quot;sizes&quot;:[]},&quot;_transform_translateY_effect&quot;:{&quot;unit&quot;:&quot;px&quot;,&quot;size&quot;:&quot;&quot;,&quot;sizes&quot;:[]},&quot;_transform_translateY_effect_tablet&quot;:{&quot;unit&quot;:&quot;px&quot;,&quot;size&quot;:&quot;&quot;,&quot;sizes&quot;:[]},&quot;_transform_translateY_effect_mobile&quot;:{&quot;unit&quot;:&quot;px&quot;,&quot;size&quot;:&quot;&quot;,&quot;sizes&quot;:[]}}\" data-widget_type=\"image.default\">\n\t\t\t\t<div class=\"elementor-widget-container\">\n\t\t\t\t\t\t\t\t\t\t\t\t\t\t\t<img loading=\"lazy\" decoding=\"async\" width=\"119\" height=\"96\" src=\"https:\/\/dev0426.ascale.es\/wp-content\/uploads\/2024\/09\/comillas.svg\" class=\"attachment-large size-large wp-image-31858\" alt=\"\" \/>\t\t\t\t\t\t\t\t\t\t\t\t\t\t\t<\/div>\n\t\t\t\t<\/div>\n\t\t\t\t<div class=\"elementor-element elementor-element-4b4c2c4 elementor-widget elementor-widget-heading\" data-id=\"4b4c2c4\" data-element_type=\"widget\" data-e-type=\"widget\" data-widget_type=\"heading.default\">\n\t\t\t\t<div class=\"elementor-widget-container\">\n\t\t\t\t\t<span class=\"elementor-heading-title elementor-size-default\">ASCALE, dove l'innovazione e la natura si incontrano per creare qualcosa di straordinario.<\/span>\t\t\t\t<\/div>\n\t\t\t\t<\/div>\n\t\t\t\t<div class=\"elementor-element elementor-element-9c5429b e-transform elementor-widget elementor-widget-image\" data-id=\"9c5429b\" data-element_type=\"widget\" data-e-type=\"widget\" data-settings=\"{&quot;_transform_translateX_effect&quot;:{&quot;unit&quot;:&quot;px&quot;,&quot;size&quot;:20,&quot;sizes&quot;:[]},&quot;_transform_translateX_effect_mobile&quot;:{&quot;unit&quot;:&quot;px&quot;,&quot;size&quot;:0,&quot;sizes&quot;:[]},&quot;_transform_translateX_effect_tablet&quot;:{&quot;unit&quot;:&quot;px&quot;,&quot;size&quot;:&quot;&quot;,&quot;sizes&quot;:[]},&quot;_transform_translateY_effect&quot;:{&quot;unit&quot;:&quot;px&quot;,&quot;size&quot;:&quot;&quot;,&quot;sizes&quot;:[]},&quot;_transform_translateY_effect_tablet&quot;:{&quot;unit&quot;:&quot;px&quot;,&quot;size&quot;:&quot;&quot;,&quot;sizes&quot;:[]},&quot;_transform_translateY_effect_mobile&quot;:{&quot;unit&quot;:&quot;px&quot;,&quot;size&quot;:&quot;&quot;,&quot;sizes&quot;:[]}}\" data-widget_type=\"image.default\">\n\t\t\t\t<div class=\"elementor-widget-container\">\n\t\t\t\t\t\t\t\t\t\t\t\t\t\t\t<img loading=\"lazy\" decoding=\"async\" width=\"119\" height=\"96\" src=\"https:\/\/dev0426.ascale.es\/wp-content\/uploads\/2024\/09\/comillas.svg\" class=\"attachment-large size-large wp-image-31858\" alt=\"\" \/>\t\t\t\t\t\t\t\t\t\t\t\t\t\t\t<\/div>\n\t\t\t\t<\/div>\n\t\t\t\t<\/div>\n\t\t\t\t\t<\/div>\n\t\t\t\t<\/div>\n\t\t<div class=\"elementor-element elementor-element-5a708d6 page-section e-flex e-con-boxed e-con e-parent\" data-id=\"5a708d6\" data-element_type=\"container\" data-e-type=\"container\" data-settings=\"{&quot;jet_parallax_layout_list&quot;:[],&quot;background_background&quot;:&quot;classic&quot;}\">\n\t\t\t\t\t<div class=\"e-con-inner\">\n\t\t<div class=\"elementor-element elementor-element-7b69624 e-con-full grupo-texto e-flex e-con e-child\" data-id=\"7b69624\" data-element_type=\"container\" data-e-type=\"container\" data-settings=\"{&quot;jet_parallax_layout_list&quot;:[]}\">\n\t\t\t\t<div class=\"elementor-element elementor-element-87bfd54 elementor-widget elementor-widget-heading\" data-id=\"87bfd54\" data-element_type=\"widget\" data-e-type=\"widget\" data-widget_type=\"heading.default\">\n\t\t\t\t<div class=\"elementor-widget-container\">\n\t\t\t\t\t<span class=\"elementor-heading-title elementor-size-default\">VALORI<\/span>\t\t\t\t<\/div>\n\t\t\t\t<\/div>\n\t\t\t\t<div class=\"elementor-element elementor-element-673b9f3 elementor-widget elementor-widget-heading\" data-id=\"673b9f3\" data-element_type=\"widget\" data-e-type=\"widget\" data-widget_type=\"heading.default\">\n\t\t\t\t<div class=\"elementor-widget-container\">\n\t\t\t\t\t<span class=\"elementor-heading-title elementor-size-default\">GUIDATI DALL\u2019ECCELLENZA<\/span>\t\t\t\t<\/div>\n\t\t\t\t<\/div>\n\t\t\t\t<div class=\"elementor-element elementor-element-6aec3d1 elementor-widget elementor-widget-text-editor\" data-id=\"6aec3d1\" data-element_type=\"widget\" data-e-type=\"widget\" data-widget_type=\"text-editor.default\">\n\t\t\t\t<div class=\"elementor-widget-container\">\n\t\t\t\t\t\t\t\t\t<p data-start=\"45\" data-end=\"156\"><strong data-start=\"45\" data-end=\"57\">Impegno:<\/strong> Agiamo con dedizione e responsabilit\u00e0, orientando le nostre azioni secondo i principi di PAMESA.<\/p><p data-start=\"158\" data-end=\"293\"><strong data-start=\"158\" data-end=\"173\">Eccellenza:<\/strong> Mettiamo i nostri clienti al centro di ogni decisione, offrendo un\u2019esperienza basata sull\u2019eccellenza e sulla qualit\u00e0.<\/p><p data-start=\"295\" data-end=\"438\"><strong data-start=\"295\" data-end=\"313\">Sostenibilit\u00e0:<\/strong> Ci impegniamo in pratiche che promuovono l\u2019equilibrio tra sviluppo economico e sociale e la cura e la tutela della natura.<\/p><p data-start=\"440\" data-end=\"555\" data-is-last-node=\"\" data-is-only-node=\"\"><strong data-start=\"440\" data-end=\"456\">Innovazione:<\/strong> Introduciamo costantemente nuove tendenze, servizi e prodotti per migliorare i processi aziendali.<\/p>\t\t\t\t\t\t\t\t<\/div>\n\t\t\t\t<\/div>\n\t\t\t\t<\/div>\n\t\t<div class=\"elementor-element elementor-element-58d346a e-con-full grupo-texto e-flex e-con e-child\" data-id=\"58d346a\" data-element_type=\"container\" data-e-type=\"container\" data-settings=\"{&quot;jet_parallax_layout_list&quot;:[]}\">\n\t\t\t\t<div class=\"elementor-element elementor-element-4e4642f elementor-widget elementor-widget-image\" data-id=\"4e4642f\" data-element_type=\"widget\" data-e-type=\"widget\" data-widget_type=\"image.default\">\n\t\t\t\t<div class=\"elementor-widget-container\">\n\t\t\t\t\t\t\t\t\t\t\t\t\t\t\t<img loading=\"lazy\" decoding=\"async\" width=\"800\" height=\"527\" src=\"https:\/\/dev0426.ascale.es\/wp-content\/uploads\/2025\/09\/Diseno-sin-titulo-10.webp\" class=\"attachment-large size-large wp-image-68196\" alt=\"F\u00e1brica piedra sinterizada gran formato ASCALE\" srcset=\"https:\/\/dev0426.ascale.es\/wp-content\/uploads\/2025\/09\/Diseno-sin-titulo-10.webp 803w, https:\/\/dev0426.ascale.es\/wp-content\/uploads\/2025\/09\/Diseno-sin-titulo-10-300x198.webp 300w, https:\/\/dev0426.ascale.es\/wp-content\/uploads\/2025\/09\/Diseno-sin-titulo-10-768x506.webp 768w\" sizes=\"(max-width: 800px) 100vw, 800px\" \/>\t\t\t\t\t\t\t\t\t\t\t\t\t\t\t<\/div>\n\t\t\t\t<\/div>\n\t\t\t\t<\/div>\n\t\t\t\t\t<\/div>\n\t\t\t\t<\/div>\n\t\t<div class=\"elementor-element elementor-element-d73955e page-section e-flex e-con-boxed e-con e-parent\" data-id=\"d73955e\" data-element_type=\"container\" data-e-type=\"container\" data-settings=\"{&quot;jet_parallax_layout_list&quot;:[],&quot;background_background&quot;:&quot;classic&quot;}\">\n\t\t\t\t\t<div class=\"e-con-inner\">\n\t\t<div class=\"elementor-element elementor-element-e2236ee e-con-full grupo-texto e-flex e-con e-child\" data-id=\"e2236ee\" data-element_type=\"container\" data-e-type=\"container\" data-settings=\"{&quot;jet_parallax_layout_list&quot;:[]}\">\n\t\t\t\t<\/div>\n\t\t<div class=\"elementor-element elementor-element-ece9560 e-con-full grupo-texto e-flex e-con e-child\" data-id=\"ece9560\" data-element_type=\"container\" data-e-type=\"container\" data-settings=\"{&quot;jet_parallax_layout_list&quot;:[]}\">\n\t\t\t\t<div class=\"elementor-element elementor-element-1b74648 elementor-widget elementor-widget-heading\" data-id=\"1b74648\" data-element_type=\"widget\" data-e-type=\"widget\" data-widget_type=\"heading.default\">\n\t\t\t\t<div class=\"elementor-widget-container\">\n\t\t\t\t\t<span class=\"elementor-heading-title elementor-size-default\"> I NOSTRI <br> STABILIMENTI <\/span>\t\t\t\t<\/div>\n\t\t\t\t<\/div>\n\t\t\t\t<\/div>\n\t\t\t\t\t<\/div>\n\t\t\t\t<\/div>\n\t\t<div class=\"elementor-element elementor-element-e2d36e9 page-section e-flex e-con-boxed e-con e-parent\" data-id=\"e2d36e9\" data-element_type=\"container\" data-e-type=\"container\" data-settings=\"{&quot;jet_parallax_layout_list&quot;:[],&quot;background_background&quot;:&quot;classic&quot;}\">\n\t\t\t\t\t<div class=\"e-con-inner\">\n\t\t<div class=\"elementor-element elementor-element-59265c5 e-con-full grupo-texto e-flex e-con e-child\" data-id=\"59265c5\" data-element_type=\"container\" data-e-type=\"container\" data-settings=\"{&quot;jet_parallax_layout_list&quot;:[]}\">\n\t\t\t\t<div class=\"elementor-element elementor-element-d2e1eed elementor-widget elementor-widget-image\" data-id=\"d2e1eed\" data-element_type=\"widget\" data-e-type=\"widget\" data-widget_type=\"image.default\">\n\t\t\t\t<div class=\"elementor-widget-container\">\n\t\t\t\t\t\t\t\t\t\t\t\t\t\t\t<img loading=\"lazy\" decoding=\"async\" width=\"800\" height=\"527\" src=\"https:\/\/dev0426.ascale.es\/wp-content\/uploads\/2024\/09\/ROTULO-EXTERIOR-2.webp\" class=\"attachment-large size-large wp-image-32063\" alt=\"\" srcset=\"https:\/\/dev0426.ascale.es\/wp-content\/uploads\/2024\/09\/ROTULO-EXTERIOR-2.webp 900w, https:\/\/dev0426.ascale.es\/wp-content\/uploads\/2024\/09\/ROTULO-EXTERIOR-2-300x198.webp 300w, https:\/\/dev0426.ascale.es\/wp-content\/uploads\/2024\/09\/ROTULO-EXTERIOR-2-768x506.webp 768w\" sizes=\"(max-width: 800px) 100vw, 800px\" \/>\t\t\t\t\t\t\t\t\t\t\t\t\t\t\t<\/div>\n\t\t\t\t<\/div>\n\t\t\t\t<\/div>\n\t\t<div class=\"elementor-element elementor-element-5a00b5a e-con-full grupo-texto e-flex e-con e-child\" data-id=\"5a00b5a\" data-element_type=\"container\" data-e-type=\"container\" data-settings=\"{&quot;jet_parallax_layout_list&quot;:[]}\">\n\t\t\t\t<div class=\"elementor-element elementor-element-fc1d151 elementor-widget elementor-widget-text-editor\" data-id=\"fc1d151\" data-element_type=\"widget\" data-e-type=\"widget\" data-widget_type=\"text-editor.default\">\n\t\t\t\t<div class=\"elementor-widget-container\">\n\t\t\t\t\t\t\t\t\t<p>Ad Ascale, showroom, uffici e fabbrica sono uniti in un unico spazio, situati nei pressi del forno, dove avviene realmente la magia della creazione delle nostre pietre sinterizzate. Situato nell\u2019enclave in cui scaturiscono argille, terre e ceramiche spagnole, il nostro ambiente industriale combina tradizione e modernit\u00e0.<\/p><p>La nostra fabbrica, dotata di macchinari all&#8217;avanguardia, riflette il nostro impegno per la tecnologia e la Ricerca e lo Sviluppo. Ogni dettaglio \u00e8 progettato per guidare l&#8217;innovazione e garantire che ogni progetto venga trasformato in un&#8217;esperienza unica.<\/p>\t\t\t\t\t\t\t\t<\/div>\n\t\t\t\t<\/div>\n\t\t\t\t<\/div>\n\t\t\t\t\t<\/div>\n\t\t\t\t<\/div>\n\t\t<div class=\"elementor-element elementor-element-5314589 e-flex e-con-boxed e-con e-parent\" data-id=\"5314589\" data-element_type=\"container\" data-e-type=\"container\" data-settings=\"{&quot;background_background&quot;:&quot;classic&quot;,&quot;jet_parallax_layout_list&quot;:[]}\">\n\t\t\t\t\t<div class=\"e-con-inner\">\n\t\t<div class=\"elementor-element elementor-element-ffd1ce1 e-con-full grupo-texto e-flex e-con e-child\" data-id=\"ffd1ce1\" data-element_type=\"container\" data-e-type=\"container\" data-settings=\"{&quot;jet_parallax_layout_list&quot;:[]}\">\n\t\t\t\t<div class=\"elementor-element elementor-element-f3054b2 elementor-widget elementor-widget-button\" data-id=\"f3054b2\" data-element_type=\"widget\" data-e-type=\"widget\" data-widget_type=\"button.default\">\n\t\t\t\t<div class=\"elementor-widget-container\">\n\t\t\t\t\t\t\t\t\t<div class=\"elementor-button-wrapper\">\n\t\t\t\t\t<a class=\"elementor-button elementor-button-link elementor-size-sm\" href=\"https:\/\/dev0426.dev0426.dev0426.ascale.es\/virtual-showroom-ascale\/\" target=\"_blank\">\n\t\t\t\t\t\t<span class=\"elementor-button-content-wrapper\">\n\t\t\t\t\t\t\t\t\t<span class=\"elementor-button-text\">VISITA IL NOSTRO TOUR VIRTUALE<\/span>\n\t\t\t\t\t<\/span>\n\t\t\t\t\t<\/a>\n\t\t\t\t<\/div>\n\t\t\t\t\t\t\t\t<\/div>\n\t\t\t\t<\/div>\n\t\t\t\t<\/div>\n\t\t\t\t\t<\/div>\n\t\t\t\t<\/div>\n\t\t\t\t<\/div>\n\t\t","protected":false},"excerpt":{"rendered":"<p>CHI SIAMO CREIAMO SPAZI CONSAPEVOLI In Ascale, produciamo pietra sinterizzata che trasforma gli spazi in esperienze uniche, perch\u00e9 la cosa migliore della creazione di una cosa \u00e8 viverla. La nostra storia, con pi\u00f9 di 50 anni di esperienza, \u00e8 caratterizzata da una costante evoluzione che ci mantiene all&#8217;avanguardia nella tecnologia e nel design. Ispirati alla [&hellip;]<\/p>\n","protected":false},"author":1,"featured_media":0,"parent":0,"menu_order":0,"comment_status":"closed","ping_status":"closed","template":"","meta":{"_monsterinsights_skip_tracking":false,"_monsterinsights_sitenote_active":false,"_monsterinsights_sitenote_note":"","_monsterinsights_sitenote_category":0,"footnotes":""},"class_list":["post-36306","page","type-page","status-publish","hentry"],"aioseo_notices":[],"_links":{"self":[{"href":"https:\/\/dev0426.ascale.es\/it\/wp-json\/wp\/v2\/pages\/36306","targetHints":{"allow":["GET"]}}],"collection":[{"href":"https:\/\/dev0426.ascale.es\/it\/wp-json\/wp\/v2\/pages"}],"about":[{"href":"https:\/\/dev0426.ascale.es\/it\/wp-json\/wp\/v2\/types\/page"}],"author":[{"embeddable":true,"href":"https:\/\/dev0426.ascale.es\/it\/wp-json\/wp\/v2\/users\/1"}],"replies":[{"embeddable":true,"href":"https:\/\/dev0426.ascale.es\/it\/wp-json\/wp\/v2\/comments?post=36306"}],"version-history":[{"count":21,"href":"https:\/\/dev0426.ascale.es\/it\/wp-json\/wp\/v2\/pages\/36306\/revisions"}],"predecessor-version":[{"id":74348,"href":"https:\/\/dev0426.ascale.es\/it\/wp-json\/wp\/v2\/pages\/36306\/revisions\/74348"}],"wp:attachment":[{"href":"https:\/\/dev0426.ascale.es\/it\/wp-json\/wp\/v2\/media?parent=36306"}],"curies":[{"name":"wp","href":"https:\/\/api.w.org\/{rel}","templated":true}]}}