{"id":39331,"date":"2024-08-30T00:09:58","date_gmt":"2024-08-29T22:09:58","guid":{"rendered":"https:\/\/ascale.es\/quien-somos\/"},"modified":"2025-11-07T12:09:02","modified_gmt":"2025-11-07T11:09:02","slug":"quem-somos","status":"publish","type":"page","link":"https:\/\/dev0426.ascale.es\/pt-pt\/quem-somos\/","title":{"rendered":"Quem Somos"},"content":{"rendered":"\t\t<div data-elementor-type=\"wp-page\" data-elementor-id=\"39331\" class=\"elementor elementor-39331 elementor-26355\" data-elementor-post-type=\"page\">\n\t\t\t\t<div class=\"elementor-element elementor-element-3f891bf e-flex e-con-boxed e-con e-parent\" data-id=\"3f891bf\" data-element_type=\"container\" data-e-type=\"container\" data-settings=\"{&quot;background_background&quot;:&quot;classic&quot;,&quot;jet_parallax_layout_list&quot;:[]}\">\n\t\t\t\t\t<div class=\"e-con-inner\">\n\t\t\t\t\t<\/div>\n\t\t\t\t<\/div>\n\t\t<div class=\"elementor-element elementor-element-399be87 page-section-first e-flex e-con-boxed e-con e-parent\" data-id=\"399be87\" data-element_type=\"container\" data-e-type=\"container\" data-settings=\"{&quot;jet_parallax_layout_list&quot;:[],&quot;background_background&quot;:&quot;classic&quot;}\">\n\t\t\t\t\t<div class=\"e-con-inner\">\n\t\t\t\t<div class=\"elementor-element elementor-element-fcf0b81 elementor-absolute forma-a elementor-hidden-mobile elementor-widget elementor-widget-image\" data-id=\"fcf0b81\" data-element_type=\"widget\" data-e-type=\"widget\" data-settings=\"{&quot;_position&quot;:&quot;absolute&quot;}\" data-widget_type=\"image.default\">\n\t\t\t\t<div class=\"elementor-widget-container\">\n\t\t\t\t\t\t\t\t\t\t\t\t\t\t\t<img fetchpriority=\"high\" decoding=\"async\" width=\"800\" height=\"541\" src=\"https:\/\/dev0426.ascale.es\/wp-content\/uploads\/2024\/08\/forma-A-2.svg\" class=\"attachment-large size-large wp-image-37561\" alt=\"\" \/>\t\t\t\t\t\t\t\t\t\t\t\t\t\t\t<\/div>\n\t\t\t\t<\/div>\n\t\t<div class=\"elementor-element elementor-element-8d765a9 e-con-full grupo-texto e-flex e-con e-child\" data-id=\"8d765a9\" data-element_type=\"container\" data-e-type=\"container\" data-settings=\"{&quot;jet_parallax_layout_list&quot;:[]}\">\n\t\t\t\t<div class=\"elementor-element elementor-element-97f9f3c elementor-widget elementor-widget-heading\" data-id=\"97f9f3c\" data-element_type=\"widget\" data-e-type=\"widget\" data-widget_type=\"heading.default\">\n\t\t\t\t<div class=\"elementor-widget-container\">\n\t\t\t\t\t<span class=\"elementor-heading-title elementor-size-default\">QUEM SOMOS <\/span>\t\t\t\t<\/div>\n\t\t\t\t<\/div>\n\t\t\t\t<div class=\"elementor-element elementor-element-0e7d542 elementor-widget elementor-widget-heading\" data-id=\"0e7d542\" data-element_type=\"widget\" data-e-type=\"widget\" data-widget_type=\"heading.default\">\n\t\t\t\t<div class=\"elementor-widget-container\">\n\t\t\t\t\t<span class=\"elementor-heading-title elementor-size-default\">CRIAMOS ESPA\u00c7OS CONSCIENTES<\/span>\t\t\t\t<\/div>\n\t\t\t\t<\/div>\n\t\t\t\t<div class=\"elementor-element elementor-element-0957912 elementor-widget elementor-widget-text-editor\" data-id=\"0957912\" data-element_type=\"widget\" data-e-type=\"widget\" data-widget_type=\"text-editor.default\">\n\t\t\t\t<div class=\"elementor-widget-container\">\n\t\t\t\t\t\t\t\t\t<p>Na Ascale, fabricamos pedra sinterizada que transforma espa\u00e7os em experi\u00eancias \u00fanicas, porque o melhor de criar algo \u00e9 viv\u00ea-lo.<\/p><p>A nossa hist\u00f3ria, com mais de 50 anos de experi\u00eancia, \u00e9 marcada por uma evolu\u00e7\u00e3o constante para nos mantermos na vanguarda da tecnologia e do design. Inspirados pela natureza e guiados pela inova\u00e7\u00e3o, oferecemos uma vasta gama de materiais que permitem aos arquitetos, designers e construtores dar vida \u00e0s suas ideias mais ambiciosas.<\/p><p>Por isso somos a marca l\u00edder no mercado das placas sinterizadas de grande formato, gra\u00e7as \u00e0 nossa paix\u00e3o pela excel\u00eancia e a um compromisso inabal\u00e1vel com a qualidade.<\/p>\t\t\t\t\t\t\t\t<\/div>\n\t\t\t\t<\/div>\n\t\t\t\t<div class=\"elementor-element elementor-element-bd10d97 elementor-widget elementor-widget-button\" data-id=\"bd10d97\" data-element_type=\"widget\" data-e-type=\"widget\" data-widget_type=\"button.default\">\n\t\t\t\t<div class=\"elementor-widget-container\">\n\t\t\t\t\t\t\t\t\t<div class=\"elementor-button-wrapper\">\n\t\t\t\t\t<a class=\"elementor-button elementor-button-link elementor-size-sm\" href=\"https:\/\/dev0426.ascale.es\/pt-pt\/contacto\/\">\n\t\t\t\t\t\t<span class=\"elementor-button-content-wrapper\">\n\t\t\t\t\t\t<span class=\"elementor-button-icon\">\n\t\t\t\t<svg xmlns=\"http:\/\/www.w3.org\/2000\/svg\" width=\"29\" height=\"29\" viewBox=\"0 0 29 29\" fill=\"none\"><circle cx=\"14.5\" cy=\"14.5\" r=\"14.5\" fill=\"#D9D9D9\"><\/circle><path fill-rule=\"evenodd\" clip-rule=\"evenodd\" d=\"M14 14V6H15V14L23 14V15L15 15V23H14V15L6 15V14L14 14Z\" fill=\"white\"><\/path><\/svg>\t\t\t<\/span>\n\t\t\t\t\t\t\t\t\t<span class=\"elementor-button-text\">Contacto<\/span>\n\t\t\t\t\t<\/span>\n\t\t\t\t\t<\/a>\n\t\t\t\t<\/div>\n\t\t\t\t\t\t\t\t<\/div>\n\t\t\t\t<\/div>\n\t\t\t\t<\/div>\n\t\t<div class=\"elementor-element elementor-element-af2fab3 e-con-full grupo-texto e-flex e-con e-child\" data-id=\"af2fab3\" data-element_type=\"container\" data-e-type=\"container\" data-settings=\"{&quot;jet_parallax_layout_list&quot;:[]}\">\n\t\t\t\t<div class=\"elementor-element elementor-element-ff1004d elementor-widget elementor-widget-image\" data-id=\"ff1004d\" data-element_type=\"widget\" data-e-type=\"widget\" data-widget_type=\"image.default\">\n\t\t\t\t<div class=\"elementor-widget-container\">\n\t\t\t\t\t\t\t\t\t\t\t\t\t\t\t<img decoding=\"async\" width=\"800\" height=\"558\" src=\"https:\/\/dev0426.ascale.es\/wp-content\/uploads\/2024\/09\/MACCHIA-VECCHIA-GOLD-1-1024x714.webp\" class=\"attachment-large size-large wp-image-38456\" alt=\"\" srcset=\"https:\/\/dev0426.ascale.es\/wp-content\/uploads\/2024\/09\/MACCHIA-VECCHIA-GOLD-1-1024x714.webp 1024w, https:\/\/dev0426.ascale.es\/wp-content\/uploads\/2024\/09\/MACCHIA-VECCHIA-GOLD-1-300x209.webp 300w, https:\/\/dev0426.ascale.es\/wp-content\/uploads\/2024\/09\/MACCHIA-VECCHIA-GOLD-1-768x536.webp 768w, https:\/\/dev0426.ascale.es\/wp-content\/uploads\/2024\/09\/MACCHIA-VECCHIA-GOLD-1-1536x1071.webp 1536w, https:\/\/dev0426.ascale.es\/wp-content\/uploads\/2024\/09\/MACCHIA-VECCHIA-GOLD-1.webp 1920w\" sizes=\"(max-width: 800px) 100vw, 800px\" \/>\t\t\t\t\t\t\t\t\t\t\t\t\t\t\t<\/div>\n\t\t\t\t<\/div>\n\t\t\t\t<\/div>\n\t\t\t\t\t<\/div>\n\t\t\t\t<\/div>\n\t\t<div class=\"elementor-element elementor-element-6e537c8 page-section e-flex e-con-boxed e-con e-parent\" data-id=\"6e537c8\" data-element_type=\"container\" data-e-type=\"container\" data-settings=\"{&quot;jet_parallax_layout_list&quot;:[],&quot;background_background&quot;:&quot;classic&quot;}\">\n\t\t\t\t\t<div class=\"e-con-inner\">\n\t\t<div class=\"elementor-element elementor-element-d24ca75 e-con-full grupo-texto e-flex e-con e-child\" data-id=\"d24ca75\" data-element_type=\"container\" data-e-type=\"container\" data-settings=\"{&quot;jet_parallax_layout_list&quot;:[]}\">\n\t\t\t\t<div class=\"elementor-element elementor-element-a717f71 elementor-widget elementor-widget-image\" data-id=\"a717f71\" data-element_type=\"widget\" data-e-type=\"widget\" data-widget_type=\"image.default\">\n\t\t\t\t<div class=\"elementor-widget-container\">\n\t\t\t\t\t\t\t\t\t\t\t\t\t\t\t<img decoding=\"async\" width=\"800\" height=\"527\" src=\"https:\/\/dev0426.ascale.es\/wp-content\/uploads\/2024\/09\/about-2.webp\" class=\"attachment-large size-large wp-image-38331\" alt=\"\" srcset=\"https:\/\/dev0426.ascale.es\/wp-content\/uploads\/2024\/09\/about-2.webp 803w, https:\/\/dev0426.ascale.es\/wp-content\/uploads\/2024\/09\/about-2-300x198.webp 300w, https:\/\/dev0426.ascale.es\/wp-content\/uploads\/2024\/09\/about-2-768x506.webp 768w\" sizes=\"(max-width: 800px) 100vw, 800px\" \/>\t\t\t\t\t\t\t\t\t\t\t\t\t\t\t<\/div>\n\t\t\t\t<\/div>\n\t\t\t\t<\/div>\n\t\t<div class=\"elementor-element elementor-element-454556c e-con-full grupo-texto e-flex e-con e-child\" data-id=\"454556c\" data-element_type=\"container\" data-e-type=\"container\" data-settings=\"{&quot;jet_parallax_layout_list&quot;:[]}\">\n\t\t\t\t<div class=\"elementor-element elementor-element-40ed909 elementor-widget elementor-widget-heading\" data-id=\"40ed909\" data-element_type=\"widget\" data-e-type=\"widget\" data-widget_type=\"heading.default\">\n\t\t\t\t<div class=\"elementor-widget-container\">\n\t\t\t\t\t<span class=\"elementor-heading-title elementor-size-default\">Vis\u00e3o<\/span>\t\t\t\t<\/div>\n\t\t\t\t<\/div>\n\t\t\t\t<div class=\"elementor-element elementor-element-af95e95 elementor-widget elementor-widget-heading\" data-id=\"af95e95\" data-element_type=\"widget\" data-e-type=\"widget\" data-widget_type=\"heading.default\">\n\t\t\t\t<div class=\"elementor-widget-container\">\n\t\t\t\t\t<span class=\"elementor-heading-title elementor-size-default\">GUIADOS PELA INOVA\u00c7\u00c3O <\/span>\t\t\t\t<\/div>\n\t\t\t\t<\/div>\n\t\t\t\t<div class=\"elementor-element elementor-element-848a2cd elementor-widget elementor-widget-text-editor\" data-id=\"848a2cd\" data-element_type=\"widget\" data-e-type=\"widget\" data-widget_type=\"text-editor.default\">\n\t\t\t\t<div class=\"elementor-widget-container\">\n\t\t\t\t\t\t\t\t\t<p>Ser uma refer\u00eancia global no setor de pedra sinterizada, reconhecida por nossa inova\u00e7\u00e3o e excel\u00eancia.<\/p><p>Aspiramos liderar o mercado por meio de solu\u00e7\u00f5es sustent\u00e1veis que promovam o desenvolvimento econ\u00f4mico, respeitem o meio ambiente e gerem bem-estar para as pessoas e as comunidades.<\/p>\t\t\t\t\t\t\t\t<\/div>\n\t\t\t\t<\/div>\n\t\t\t\t<div class=\"elementor-element elementor-element-878a466 elementor-widget elementor-widget-button\" data-id=\"878a466\" data-element_type=\"widget\" data-e-type=\"widget\" data-widget_type=\"button.default\">\n\t\t\t\t<div class=\"elementor-widget-container\">\n\t\t\t\t\t\t\t\t\t<div class=\"elementor-button-wrapper\">\n\t\t\t\t\t<a class=\"elementor-button elementor-button-link elementor-size-sm\" href=\"https:\/\/dev0426.ascale.es\/pt-pt\/contacto\/\">\n\t\t\t\t\t\t<span class=\"elementor-button-content-wrapper\">\n\t\t\t\t\t\t<span class=\"elementor-button-icon\">\n\t\t\t\t<svg xmlns=\"http:\/\/www.w3.org\/2000\/svg\" width=\"29\" height=\"29\" viewBox=\"0 0 29 29\" fill=\"none\"><circle cx=\"14.5\" cy=\"14.5\" r=\"14.5\" fill=\"#D9D9D9\"><\/circle><path fill-rule=\"evenodd\" clip-rule=\"evenodd\" d=\"M14 14V6H15V14L23 14V15L15 15V23H14V15L6 15V14L14 14Z\" fill=\"white\"><\/path><\/svg>\t\t\t<\/span>\n\t\t\t\t\t\t\t\t\t<span class=\"elementor-button-text\">Contacto<\/span>\n\t\t\t\t\t<\/span>\n\t\t\t\t\t<\/a>\n\t\t\t\t<\/div>\n\t\t\t\t\t\t\t\t<\/div>\n\t\t\t\t<\/div>\n\t\t\t\t<\/div>\n\t\t\t\t\t<\/div>\n\t\t\t\t<\/div>\n\t\t<div class=\"elementor-element elementor-element-6311685 page-section e-flex e-con-boxed e-con e-parent\" data-id=\"6311685\" data-element_type=\"container\" data-e-type=\"container\" data-settings=\"{&quot;jet_parallax_layout_list&quot;:[],&quot;background_background&quot;:&quot;classic&quot;}\">\n\t\t\t\t\t<div class=\"e-con-inner\">\n\t\t<div class=\"elementor-element elementor-element-344e055 e-con-full grupo-texto e-flex e-con e-child\" data-id=\"344e055\" data-element_type=\"container\" data-e-type=\"container\" data-settings=\"{&quot;jet_parallax_layout_list&quot;:[]}\">\n\t\t\t\t<div class=\"elementor-element elementor-element-1d28ab3 elementor-widget elementor-widget-heading\" data-id=\"1d28ab3\" data-element_type=\"widget\" data-e-type=\"widget\" data-widget_type=\"heading.default\">\n\t\t\t\t<div class=\"elementor-widget-container\">\n\t\t\t\t\t<span class=\"elementor-heading-title elementor-size-default\">A NOSSA MISS\u00c3O<\/span>\t\t\t\t<\/div>\n\t\t\t\t<\/div>\n\t\t\t\t<div class=\"elementor-element elementor-element-d671d4f elementor-widget elementor-widget-text-editor\" data-id=\"d671d4f\" data-element_type=\"widget\" data-e-type=\"widget\" data-widget_type=\"text-editor.default\">\n\t\t\t\t<div class=\"elementor-widget-container\">\n\t\t\t\t\t\t\t\t\t<p>Produzimos e distribu\u00edmos solu\u00e7\u00f5es de pedra sinterizada de alta qualidade, com compromisso para com nossos clientes por meio de pr\u00e1ticas respons\u00e1veis, inovadoras e sustent\u00e1veis.<\/p><p>Trabalhamos para criar um impacto positivo nas comunidades onde operamos, protegendo o meio ambiente e gerando valor para todas as pessoas envolvidas.<\/p>\t\t\t\t\t\t\t\t<\/div>\n\t\t\t\t<\/div>\n\t\t\t\t<\/div>\n\t\t<div class=\"elementor-element elementor-element-d937a4e e-con-full grupo-texto e-flex e-con e-child\" data-id=\"d937a4e\" data-element_type=\"container\" data-e-type=\"container\" data-settings=\"{&quot;jet_parallax_layout_list&quot;:[]}\">\n\t\t\t\t<div class=\"elementor-element elementor-element-b1c86f6 e-transform e-transform e-transform elementor-widget elementor-widget-image\" data-id=\"b1c86f6\" data-element_type=\"widget\" data-e-type=\"widget\" data-settings=\"{&quot;_transform_translateX_effect&quot;:{&quot;unit&quot;:&quot;px&quot;,&quot;size&quot;:-50,&quot;sizes&quot;:[]},&quot;_transform_translateX_effect_mobile&quot;:{&quot;unit&quot;:&quot;px&quot;,&quot;size&quot;:0,&quot;sizes&quot;:[]},&quot;_transform_flipX_effect&quot;:&quot;transform&quot;,&quot;_transform_flipY_effect&quot;:&quot;transform&quot;,&quot;_transform_translateX_effect_tablet&quot;:{&quot;unit&quot;:&quot;px&quot;,&quot;size&quot;:&quot;&quot;,&quot;sizes&quot;:[]},&quot;_transform_translateY_effect&quot;:{&quot;unit&quot;:&quot;px&quot;,&quot;size&quot;:&quot;&quot;,&quot;sizes&quot;:[]},&quot;_transform_translateY_effect_tablet&quot;:{&quot;unit&quot;:&quot;px&quot;,&quot;size&quot;:&quot;&quot;,&quot;sizes&quot;:[]},&quot;_transform_translateY_effect_mobile&quot;:{&quot;unit&quot;:&quot;px&quot;,&quot;size&quot;:&quot;&quot;,&quot;sizes&quot;:[]}}\" data-widget_type=\"image.default\">\n\t\t\t\t<div class=\"elementor-widget-container\">\n\t\t\t\t\t\t\t\t\t\t\t\t\t\t\t<img loading=\"lazy\" decoding=\"async\" width=\"119\" height=\"96\" src=\"https:\/\/dev0426.ascale.es\/wp-content\/uploads\/2024\/09\/comillas.svg\" class=\"attachment-large size-large wp-image-38333\" alt=\"\" \/>\t\t\t\t\t\t\t\t\t\t\t\t\t\t\t<\/div>\n\t\t\t\t<\/div>\n\t\t\t\t<div class=\"elementor-element elementor-element-4b4c2c4 elementor-widget elementor-widget-heading\" data-id=\"4b4c2c4\" data-element_type=\"widget\" data-e-type=\"widget\" data-widget_type=\"heading.default\">\n\t\t\t\t<div class=\"elementor-widget-container\">\n\t\t\t\t\t<span class=\"elementor-heading-title elementor-size-default\">ASCALE, onde a inova\u00e7\u00e3o e a natureza se encontram para criar algo extraordin\u00e1rio.<\/span>\t\t\t\t<\/div>\n\t\t\t\t<\/div>\n\t\t\t\t<div class=\"elementor-element elementor-element-9c5429b e-transform elementor-widget elementor-widget-image\" data-id=\"9c5429b\" data-element_type=\"widget\" data-e-type=\"widget\" data-settings=\"{&quot;_transform_translateX_effect&quot;:{&quot;unit&quot;:&quot;px&quot;,&quot;size&quot;:20,&quot;sizes&quot;:[]},&quot;_transform_translateX_effect_mobile&quot;:{&quot;unit&quot;:&quot;px&quot;,&quot;size&quot;:0,&quot;sizes&quot;:[]},&quot;_transform_translateX_effect_tablet&quot;:{&quot;unit&quot;:&quot;px&quot;,&quot;size&quot;:&quot;&quot;,&quot;sizes&quot;:[]},&quot;_transform_translateY_effect&quot;:{&quot;unit&quot;:&quot;px&quot;,&quot;size&quot;:&quot;&quot;,&quot;sizes&quot;:[]},&quot;_transform_translateY_effect_tablet&quot;:{&quot;unit&quot;:&quot;px&quot;,&quot;size&quot;:&quot;&quot;,&quot;sizes&quot;:[]},&quot;_transform_translateY_effect_mobile&quot;:{&quot;unit&quot;:&quot;px&quot;,&quot;size&quot;:&quot;&quot;,&quot;sizes&quot;:[]}}\" data-widget_type=\"image.default\">\n\t\t\t\t<div class=\"elementor-widget-container\">\n\t\t\t\t\t\t\t\t\t\t\t\t\t\t\t<img loading=\"lazy\" decoding=\"async\" width=\"119\" height=\"96\" src=\"https:\/\/dev0426.ascale.es\/wp-content\/uploads\/2024\/09\/comillas.svg\" class=\"attachment-large size-large wp-image-38333\" alt=\"\" \/>\t\t\t\t\t\t\t\t\t\t\t\t\t\t\t<\/div>\n\t\t\t\t<\/div>\n\t\t\t\t<\/div>\n\t\t\t\t\t<\/div>\n\t\t\t\t<\/div>\n\t\t<div class=\"elementor-element elementor-element-e2d36e9 page-section e-flex e-con-boxed e-con e-parent\" data-id=\"e2d36e9\" data-element_type=\"container\" data-e-type=\"container\" data-settings=\"{&quot;jet_parallax_layout_list&quot;:[],&quot;background_background&quot;:&quot;classic&quot;}\">\n\t\t\t\t\t<div class=\"e-con-inner\">\n\t\t<div class=\"elementor-element elementor-element-59265c5 e-con-full grupo-texto e-flex e-con e-child\" data-id=\"59265c5\" data-element_type=\"container\" data-e-type=\"container\" data-settings=\"{&quot;jet_parallax_layout_list&quot;:[]}\">\n\t\t\t\t<div class=\"elementor-element elementor-element-d2e1eed elementor-widget elementor-widget-image\" data-id=\"d2e1eed\" data-element_type=\"widget\" data-e-type=\"widget\" data-widget_type=\"image.default\">\n\t\t\t\t<div class=\"elementor-widget-container\">\n\t\t\t\t\t\t\t\t\t\t\t\t\t\t\t<img loading=\"lazy\" decoding=\"async\" width=\"800\" height=\"527\" src=\"https:\/\/dev0426.ascale.es\/wp-content\/uploads\/2024\/09\/ROTULO-EXTERIOR-2.webp\" class=\"attachment-large size-large wp-image-38525\" alt=\"\" srcset=\"https:\/\/dev0426.ascale.es\/wp-content\/uploads\/2024\/09\/ROTULO-EXTERIOR-2.webp 900w, https:\/\/dev0426.ascale.es\/wp-content\/uploads\/2024\/09\/ROTULO-EXTERIOR-2-300x198.webp 300w, https:\/\/dev0426.ascale.es\/wp-content\/uploads\/2024\/09\/ROTULO-EXTERIOR-2-768x506.webp 768w\" sizes=\"(max-width: 800px) 100vw, 800px\" \/>\t\t\t\t\t\t\t\t\t\t\t\t\t\t\t<\/div>\n\t\t\t\t<\/div>\n\t\t\t\t<\/div>\n\t\t<div class=\"elementor-element elementor-element-5a00b5a e-con-full grupo-texto e-flex e-con e-child\" data-id=\"5a00b5a\" data-element_type=\"container\" data-e-type=\"container\" data-settings=\"{&quot;jet_parallax_layout_list&quot;:[]}\">\n\t\t\t\t<div class=\"elementor-element elementor-element-fc1d151 elementor-widget elementor-widget-text-editor\" data-id=\"fc1d151\" data-element_type=\"widget\" data-e-type=\"widget\" data-widget_type=\"text-editor.default\">\n\t\t\t\t<div class=\"elementor-widget-container\">\n\t\t\t\t\t\t\t\t\t<p>Na Ascale, showroom, escrit\u00f3rios e f\u00e1brica est\u00e3o juntos num \u00fanico espa\u00e7o, situados ao p\u00e9s do forno onde a magia realmente acontece: a cria\u00e7\u00e3o das nossas pedras sinterizadas. Localizados no cora\u00e7\u00e3o das argilas, das terras e da cer\u00e2mica espanhola, o nosso ambiente industrial combina tradi\u00e7\u00e3o e modernidade.<\/p><p>A nossa f\u00e1brica, equipada com maquinaria de vanguarda, reflete a nossa aposta na tecnologia e na I+D. Todos os detalhes s\u00e3o pensados para impulsionar a inova\u00e7\u00e3o e fazer de cada projeto uma experi\u00eancia \u00fanica.<\/p>\t\t\t\t\t\t\t\t<\/div>\n\t\t\t\t<\/div>\n\t\t\t\t<\/div>\n\t\t\t\t\t<\/div>\n\t\t\t\t<\/div>\n\t\t<div class=\"elementor-element elementor-element-9ed0c75 page-section e-flex e-con-boxed e-con e-parent\" data-id=\"9ed0c75\" data-element_type=\"container\" data-e-type=\"container\" data-settings=\"{&quot;jet_parallax_layout_list&quot;:[],&quot;background_background&quot;:&quot;classic&quot;}\">\n\t\t\t\t\t<div class=\"e-con-inner\">\n\t\t<div class=\"elementor-element elementor-element-067c2cd e-con-full grupo-texto e-flex e-con e-child\" data-id=\"067c2cd\" data-element_type=\"container\" data-e-type=\"container\" data-settings=\"{&quot;jet_parallax_layout_list&quot;:[]}\">\n\t\t\t\t<div class=\"elementor-element elementor-element-0b9f312 elementor-widget elementor-widget-heading\" data-id=\"0b9f312\" data-element_type=\"widget\" data-e-type=\"widget\" data-widget_type=\"heading.default\">\n\t\t\t\t<div class=\"elementor-widget-container\">\n\t\t\t\t\t<span class=\"elementor-heading-title elementor-size-default\">VALORES<\/span>\t\t\t\t<\/div>\n\t\t\t\t<\/div>\n\t\t\t\t<div class=\"elementor-element elementor-element-0939de0 elementor-widget elementor-widget-heading\" data-id=\"0939de0\" data-element_type=\"widget\" data-e-type=\"widget\" data-widget_type=\"heading.default\">\n\t\t\t\t<div class=\"elementor-widget-container\">\n\t\t\t\t\t<span class=\"elementor-heading-title elementor-size-default\">GUIADOS PELA EXCEL\u00caNCIA<\/span>\t\t\t\t<\/div>\n\t\t\t\t<\/div>\n\t\t\t\t<div class=\"elementor-element elementor-element-f86099f elementor-widget elementor-widget-text-editor\" data-id=\"f86099f\" data-element_type=\"widget\" data-e-type=\"widget\" data-widget_type=\"text-editor.default\">\n\t\t\t\t<div class=\"elementor-widget-container\">\n\t\t\t\t\t\t\t\t\t<p data-start=\"202\" data-end=\"328\"><strong data-start=\"202\" data-end=\"218\">Compromisso:<\/strong> Atuamos com dedica\u00e7\u00e3o e responsabilidade, orientando as nossas a\u00e7\u00f5es de acordo com os princ\u00edpios da PAMESA.<\/p><p data-start=\"330\" data-end=\"468\"><strong data-start=\"330\" data-end=\"345\">Excel\u00eancia:<\/strong> Colocamos os nossos clientes no centro de cada decis\u00e3o, oferecendo uma experi\u00eancia baseada na excel\u00eancia e na qualidade.<\/p><p data-start=\"470\" data-end=\"630\"><strong data-start=\"470\" data-end=\"491\">Sustentabilidade:<\/strong> Comprometemo-nos com pr\u00e1ticas que promovem o equil\u00edbrio entre o desenvolvimento econ\u00f3mico e social e o cuidado e a prote\u00e7\u00e3o da natureza.<\/p><p data-start=\"632\" data-end=\"754\"><strong data-start=\"632\" data-end=\"645\">Inova\u00e7\u00e3o:<\/strong> Incorporamos constantemente novas tend\u00eancias, servi\u00e7os e produtos para melhorar os processos corporativos.<\/p>\t\t\t\t\t\t\t\t<\/div>\n\t\t\t\t<\/div>\n\t\t\t\t<\/div>\n\t\t<div class=\"elementor-element elementor-element-4e8b857 e-con-full grupo-texto e-flex e-con e-child\" data-id=\"4e8b857\" data-element_type=\"container\" data-e-type=\"container\" data-settings=\"{&quot;jet_parallax_layout_list&quot;:[]}\">\n\t\t\t\t<div class=\"elementor-element elementor-element-5f2a81d elementor-widget elementor-widget-image\" data-id=\"5f2a81d\" data-element_type=\"widget\" data-e-type=\"widget\" data-widget_type=\"image.default\">\n\t\t\t\t<div class=\"elementor-widget-container\">\n\t\t\t\t\t\t\t\t\t\t\t\t\t\t\t<img loading=\"lazy\" decoding=\"async\" width=\"800\" height=\"527\" src=\"https:\/\/dev0426.ascale.es\/wp-content\/uploads\/2025\/09\/Diseno-sin-titulo-10.webp\" class=\"attachment-large size-large wp-image-68197\" alt=\"F\u00e1brica piedra sinterizada gran formato ASCALE\" srcset=\"https:\/\/dev0426.ascale.es\/wp-content\/uploads\/2025\/09\/Diseno-sin-titulo-10.webp 803w, https:\/\/dev0426.ascale.es\/wp-content\/uploads\/2025\/09\/Diseno-sin-titulo-10-300x198.webp 300w, https:\/\/dev0426.ascale.es\/wp-content\/uploads\/2025\/09\/Diseno-sin-titulo-10-768x506.webp 768w\" sizes=\"(max-width: 800px) 100vw, 800px\" \/>\t\t\t\t\t\t\t\t\t\t\t\t\t\t\t<\/div>\n\t\t\t\t<\/div>\n\t\t\t\t<\/div>\n\t\t\t\t\t<\/div>\n\t\t\t\t<\/div>\n\t\t<div class=\"elementor-element elementor-element-5314589 e-flex e-con-boxed e-con e-parent\" data-id=\"5314589\" data-element_type=\"container\" data-e-type=\"container\" data-settings=\"{&quot;background_background&quot;:&quot;classic&quot;,&quot;jet_parallax_layout_list&quot;:[]}\">\n\t\t\t\t\t<div class=\"e-con-inner\">\n\t\t<div class=\"elementor-element elementor-element-ffd1ce1 e-con-full grupo-texto e-flex e-con e-child\" data-id=\"ffd1ce1\" data-element_type=\"container\" data-e-type=\"container\" data-settings=\"{&quot;jet_parallax_layout_list&quot;:[]}\">\n\t\t\t\t<div class=\"elementor-element elementor-element-f3054b2 elementor-widget elementor-widget-button\" data-id=\"f3054b2\" data-element_type=\"widget\" data-e-type=\"widget\" data-widget_type=\"button.default\">\n\t\t\t\t<div class=\"elementor-widget-container\">\n\t\t\t\t\t\t\t\t\t<div class=\"elementor-button-wrapper\">\n\t\t\t\t\t<a class=\"elementor-button elementor-button-link elementor-size-sm\" href=\"https:\/\/dev0426.dev0426.dev0426.ascale.es\/virtual-showroom-ascale\/\" target=\"_blank\">\n\t\t\t\t\t\t<span class=\"elementor-button-content-wrapper\">\n\t\t\t\t\t\t\t\t\t<span class=\"elementor-button-text\">VISITE A NOSSA VISITA VIRTUAL<\/span>\n\t\t\t\t\t<\/span>\n\t\t\t\t\t<\/a>\n\t\t\t\t<\/div>\n\t\t\t\t\t\t\t\t<\/div>\n\t\t\t\t<\/div>\n\t\t\t\t<\/div>\n\t\t\t\t\t<\/div>\n\t\t\t\t<\/div>\n\t\t\t\t<\/div>\n\t\t","protected":false},"excerpt":{"rendered":"<p>QUEM SOMOS CRIAMOS ESPA\u00c7OS CONSCIENTES Na Ascale, fabricamos pedra sinterizada que transforma espa\u00e7os em experi\u00eancias \u00fanicas, porque o melhor de criar algo \u00e9 viv\u00ea-lo. A nossa hist\u00f3ria, com mais de 50 anos de experi\u00eancia, \u00e9 marcada por uma evolu\u00e7\u00e3o constante para nos mantermos na vanguarda da tecnologia e do design. Inspirados pela natureza e guiados [&hellip;]<\/p>\n","protected":false},"author":1,"featured_media":0,"parent":0,"menu_order":0,"comment_status":"closed","ping_status":"closed","template":"","meta":{"_monsterinsights_skip_tracking":false,"_monsterinsights_sitenote_active":false,"_monsterinsights_sitenote_note":"","_monsterinsights_sitenote_category":0,"footnotes":""},"class_list":["post-39331","page","type-page","status-publish","hentry"],"aioseo_notices":[],"_links":{"self":[{"href":"https:\/\/dev0426.ascale.es\/pt-pt\/wp-json\/wp\/v2\/pages\/39331","targetHints":{"allow":["GET"]}}],"collection":[{"href":"https:\/\/dev0426.ascale.es\/pt-pt\/wp-json\/wp\/v2\/pages"}],"about":[{"href":"https:\/\/dev0426.ascale.es\/pt-pt\/wp-json\/wp\/v2\/types\/page"}],"author":[{"embeddable":true,"href":"https:\/\/dev0426.ascale.es\/pt-pt\/wp-json\/wp\/v2\/users\/1"}],"replies":[{"embeddable":true,"href":"https:\/\/dev0426.ascale.es\/pt-pt\/wp-json\/wp\/v2\/comments?post=39331"}],"version-history":[{"count":13,"href":"https:\/\/dev0426.ascale.es\/pt-pt\/wp-json\/wp\/v2\/pages\/39331\/revisions"}],"predecessor-version":[{"id":74355,"href":"https:\/\/dev0426.ascale.es\/pt-pt\/wp-json\/wp\/v2\/pages\/39331\/revisions\/74355"}],"wp:attachment":[{"href":"https:\/\/dev0426.ascale.es\/pt-pt\/wp-json\/wp\/v2\/media?parent=39331"}],"curies":[{"name":"wp","href":"https:\/\/api.w.org\/{rel}","templated":true}]}}